{"id":3545,"date":"2023-05-12T16:27:25","date_gmt":"2023-05-12T16:27:25","guid":{"rendered":"https:\/\/comunitatjueva.com\/jevra-kadisha\/yajad\/"},"modified":"2023-09-12T11:12:20","modified_gmt":"2023-09-12T11:12:20","slug":"yajad","status":"publish","type":"page","link":"https:\/\/comunitatjueva.com\/ca\/jevra-kadisha\/yajad\/","title":{"rendered":"Yajad"},"content":{"rendered":"\t\t<div data-elementor-type=\"wp-page\" data-elementor-id=\"3545\" class=\"elementor elementor-3545 elementor-900\" data-elementor-post-type=\"page\">\n\t\t\t\t<div class=\"elementor-element elementor-element-9da8a90 e-con-full e-flex e-con e-parent\" data-id=\"9da8a90\" data-element_type=\"container\">\n\t\t\t\t<div class=\"elementor-element elementor-element-5225285 elementor-widget elementor-widget-template\" data-id=\"5225285\" data-element_type=\"widget\" data-widget_type=\"template.default\">\n\t\t\t\t<div class=\"elementor-widget-container\">\n\t\t\t\t\t\t\t<div class=\"elementor-template\">\n\t\t\t\t\t<div data-elementor-type=\"container\" data-elementor-id=\"3928\" class=\"elementor elementor-3928 elementor-909\" data-elementor-post-type=\"elementor_library\">\n\t\t\t\t<div class=\"elementor-element elementor-element-6ad3da4 e-flex e-con-boxed e-con e-parent\" data-id=\"6ad3da4\" data-element_type=\"container\" data-settings=\"{&quot;background_background&quot;:&quot;classic&quot;}\">\n\t\t\t\t\t<div class=\"e-con-inner\">\n\t\t<div class=\"elementor-element elementor-element-9b23b1d e-con-full e-flex e-con e-parent\" data-id=\"9b23b1d\" data-element_type=\"container\" data-settings=\"{&quot;background_background&quot;:&quot;classic&quot;}\">\n\t\t\t\t<div class=\"elementor-element elementor-element-55f8514 elementor-widget elementor-widget-heading\" data-id=\"55f8514\" data-element_type=\"widget\" data-widget_type=\"heading.default\">\n\t\t\t\t<div class=\"elementor-widget-container\">\n\t\t\t\t\t<h1 class=\"elementor-heading-title elementor-size-default\">Comunitat<\/h1>\t\t\t\t<\/div>\n\t\t\t\t<\/div>\n\t\t\t\t<div class=\"elementor-element elementor-element-69f76f4 elementor-nav-menu__align-center elementor-nav-menu--dropdown-none elementor-widget elementor-widget-nav-menu\" data-id=\"69f76f4\" data-element_type=\"widget\" data-settings=\"{&quot;layout&quot;:&quot;horizontal&quot;,&quot;submenu_icon&quot;:{&quot;value&quot;:&quot;&lt;i class=\\&quot;fas fa-caret-down\\&quot;&gt;&lt;\\\/i&gt;&quot;,&quot;library&quot;:&quot;fa-solid&quot;}}\" data-widget_type=\"nav-menu.default\">\n\t\t\t\t<div class=\"elementor-widget-container\">\n\t\t\t\t\t\t\t\t<nav aria-label=\"Menu\" class=\"elementor-nav-menu--main elementor-nav-menu__container elementor-nav-menu--layout-horizontal e--pointer-none\">\n\t\t\t\t<ul id=\"menu-1-69f76f4\" class=\"elementor-nav-menu\"><li class=\"menu-item menu-item-type-post_type menu-item-object-page menu-item-926\"><a href=\"https:\/\/comunitatjueva.com\/jevra-kadisha\/\" class=\"elementor-item\">Jevra Kadisha<\/a><\/li>\n<li class=\"menu-item menu-item-type-post_type menu-item-object-page menu-item-902\"><a href=\"https:\/\/comunitatjueva.com\/jevra-kadisha\/yajad\/\" class=\"elementor-item\">Yajad<\/a><\/li>\n<li class=\"menu-item menu-item-type-post_type menu-item-object-page menu-item-925\"><a href=\"https:\/\/comunitatjueva.com\/jevra-kadisha\/ezra\/\" class=\"elementor-item\">Ezra<\/a><\/li>\n<li class=\"menu-item menu-item-type-post_type menu-item-object-page menu-item-2853\"><a href=\"https:\/\/comunitatjueva.com\/jevra-kadisha\/finca-stern-valldoreix\/\" class=\"elementor-item\">Finca Stern Valldoreix<\/a><\/li>\n<\/ul>\t\t\t<\/nav>\n\t\t\t\t\t\t<nav class=\"elementor-nav-menu--dropdown elementor-nav-menu__container\" aria-hidden=\"true\">\n\t\t\t\t<ul id=\"menu-2-69f76f4\" class=\"elementor-nav-menu\"><li class=\"menu-item menu-item-type-post_type menu-item-object-page menu-item-926\"><a href=\"https:\/\/comunitatjueva.com\/jevra-kadisha\/\" class=\"elementor-item\" tabindex=\"-1\">Jevra Kadisha<\/a><\/li>\n<li class=\"menu-item menu-item-type-post_type menu-item-object-page menu-item-902\"><a href=\"https:\/\/comunitatjueva.com\/jevra-kadisha\/yajad\/\" class=\"elementor-item\" tabindex=\"-1\">Yajad<\/a><\/li>\n<li class=\"menu-item menu-item-type-post_type menu-item-object-page menu-item-925\"><a href=\"https:\/\/comunitatjueva.com\/jevra-kadisha\/ezra\/\" class=\"elementor-item\" tabindex=\"-1\">Ezra<\/a><\/li>\n<li class=\"menu-item menu-item-type-post_type menu-item-object-page menu-item-2853\"><a href=\"https:\/\/comunitatjueva.com\/jevra-kadisha\/finca-stern-valldoreix\/\" class=\"elementor-item\" tabindex=\"-1\">Finca Stern Valldoreix<\/a><\/li>\n<\/ul>\t\t\t<\/nav>\n\t\t\t\t\t\t<\/div>\n\t\t\t\t<\/div>\n\t\t\t\t<\/div>\n\t\t\t\t\t<\/div>\n\t\t\t\t<\/div>\n\t\t\t\t<\/div>\n\t\t\t\t<\/div>\n\t\t\t\t\t\t<\/div>\n\t\t\t\t<\/div>\n\t\t\t\t<\/div>\n\t\t<div class=\"elementor-element elementor-element-aa162e9 e-flex e-con-boxed e-con e-parent\" data-id=\"aa162e9\" data-element_type=\"container\">\n\t\t\t\t\t<div class=\"e-con-inner\">\n\t\t<div class=\"elementor-element elementor-element-76cb889 e-con-full e-flex e-con e-parent\" data-id=\"76cb889\" data-element_type=\"container\">\n\t\t\t\t<div class=\"elementor-element elementor-element-9f0acc8 elementor-widget elementor-widget-heading\" data-id=\"9f0acc8\" data-element_type=\"widget\" data-widget_type=\"heading.default\">\n\t\t\t\t<div class=\"elementor-widget-container\">\n\t\t\t\t\t<h2 class=\"elementor-heading-title elementor-size-default\">Moviment juvenil Sionista<\/h2>\t\t\t\t<\/div>\n\t\t\t\t<\/div>\n\t\t\t\t<div class=\"elementor-element elementor-element-8e1270c elementor-widget elementor-widget-text-editor\" data-id=\"8e1270c\" data-element_type=\"widget\" data-widget_type=\"text-editor.default\">\n\t\t\t\t<div class=\"elementor-widget-container\">\n\t\t\t\t\t\t\t\t\t<p>Yajad \u00e9s el moviment juvenil sionista de la Comunitat Israelita de Barcelona, tnu\u00e1 germana de Hanoar Hatzion\u00ed Mundial.<\/p>\n<p>La paraula Yajad, significa \u00abjunts\u00bb (en hebreu) i tamb\u00e9 units, aquest terme representa la nostra missi\u00f3 educativa. El nostre objectiu \u00e9s aconseguir que en Yajad cada nen i adolescent de 3 a 17 anys tingui el seu lloc.<\/p>\n<p>A YAJAD treballem amb tota la nostra energia i creativitat per a tenir una joventut unida, solid\u00e0ria i respectuosa amb la nostra identitat i el nostre sentiment comunitari. Estem compromesos com a moviment educatiu a assumir la nostra responsabilitat pel futur del poble jueu, tant des del punt de vista espiritual, com del de la seva continu\u00eftat hist\u00f2rica.<\/p>\n<p>La nostra principal missi\u00f3 \u00e9s l&#8217;enfortiment de la identitat jueva entre els Janijim i els Madrijim del moviment.<\/p>\n<p>YAJAD es proposa continuar contribuint a la construcci\u00f3 i consolidaci\u00f3 d&#8217;una joventut organitzada, participativa i il\u00b7lusionada, per a assegurar un present din\u00e0mic i per a formar el futur lideratge comunitari, apostant per la continu\u00eftat de la vida jueva a Barcelona, Catalunya i Espanya.<\/p>\n<p>Desenvolupem programes educatius centrats en temes d&#8217;actualitat, cultura jueva, sionisme, Israel, Hasbar\u00e1, diversi\u00f3 i esport. Organitzem activitats de qualitat i innovadores. Totes les activitats, excursions, seminaris i campaments faciliten i contribueixen a la integraci\u00f3 de tots els nens i adolescents de Barcelona.<\/p>\n<p>Inscriu a la teva fam\u00edlia i ens contactarem amb vosaltres el m\u00e9s aviat possible. Tamb\u00e9 pots apuntar-te a trav\u00e9s de oficina@cib.cat<\/p>\n\t\t\t\t\t\t\t\t<\/div>\n\t\t\t\t<\/div>\n\t\t\t\t<\/div>\n\t\t<div class=\"elementor-element elementor-element-e4f387e e-con-full e-flex e-con e-parent\" data-id=\"e4f387e\" data-element_type=\"container\">\n\t\t\t\t<div class=\"elementor-element elementor-element-1debdae elementor-widget elementor-widget-image\" data-id=\"1debdae\" data-element_type=\"widget\" data-widget_type=\"image.default\">\n\t\t\t\t<div class=\"elementor-widget-container\">\n\t\t\t\t\t\t\t\t\t\t\t\t\t\t\t<img decoding=\"async\" src=\"https:\/\/comunitatjueva.com\/wp-content\/uploads\/elementor\/thumbs\/Yajad-Majane-qmc8jc41pkbde81p9ahlimos9y92rwtidtyenckduw.jpg\" title=\"Yajad-Majan\u00e9\" alt=\"Yajad-Majan\u00e9\" loading=\"lazy\" \/>\t\t\t\t\t\t\t\t\t\t\t\t\t\t\t<\/div>\n\t\t\t\t<\/div>\n\t\t\t\t<\/div>\n\t\t\t\t\t<\/div>\n\t\t\t\t<\/div>\n\t\t<div class=\"elementor-element elementor-element-4080559 e-flex e-con-boxed e-con e-parent\" data-id=\"4080559\" data-element_type=\"container\">\n\t\t\t\t\t<div class=\"e-con-inner\">\n\t\t\t\t<div class=\"elementor-element elementor-element-4f21850 elementor-widget elementor-widget-image\" data-id=\"4f21850\" data-element_type=\"widget\" data-widget_type=\"image.default\">\n\t\t\t\t<div class=\"elementor-widget-container\">\n\t\t\t\t\t\t\t\t\t\t\t\t\t\t\t<img fetchpriority=\"high\" decoding=\"async\" width=\"800\" height=\"642\" src=\"https:\/\/comunitatjueva.com\/wp-content\/uploads\/2023\/06\/curso-madrijim-1024x822-1.jpeg\" class=\"attachment-large size-large wp-image-2479\" alt=\"\" srcset=\"https:\/\/comunitatjueva.com\/wp-content\/uploads\/2023\/06\/curso-madrijim-1024x822-1.jpeg 1024w, https:\/\/comunitatjueva.com\/wp-content\/uploads\/2023\/06\/curso-madrijim-1024x822-1-300x241.jpeg 300w, https:\/\/comunitatjueva.com\/wp-content\/uploads\/2023\/06\/curso-madrijim-1024x822-1-768x617.jpeg 768w\" sizes=\"(max-width: 800px) 100vw, 800px\" \/>\t\t\t\t\t\t\t\t\t\t\t\t\t\t\t<\/div>\n\t\t\t\t<\/div>\n\t\t\t\t<div class=\"elementor-element elementor-element-ba6a0f6 elementor-widget elementor-widget-image\" data-id=\"ba6a0f6\" data-element_type=\"widget\" data-widget_type=\"image.default\">\n\t\t\t\t<div class=\"elementor-widget-container\">\n\t\t\t\t\t\t\t\t\t\t\t\t\t\t\t<img decoding=\"async\" width=\"800\" height=\"642\" src=\"https:\/\/comunitatjueva.com\/wp-content\/uploads\/2023\/06\/avoda-kehilati-1024x822-1.jpeg\" class=\"attachment-large size-large wp-image-2483\" alt=\"\" srcset=\"https:\/\/comunitatjueva.com\/wp-content\/uploads\/2023\/06\/avoda-kehilati-1024x822-1.jpeg 1024w, https:\/\/comunitatjueva.com\/wp-content\/uploads\/2023\/06\/avoda-kehilati-1024x822-1-300x241.jpeg 300w, https:\/\/comunitatjueva.com\/wp-content\/uploads\/2023\/06\/avoda-kehilati-1024x822-1-768x617.jpeg 768w\" sizes=\"(max-width: 800px) 100vw, 800px\" \/>\t\t\t\t\t\t\t\t\t\t\t\t\t\t\t<\/div>\n\t\t\t\t<\/div>\n\t\t\t\t<div class=\"elementor-element elementor-element-d9de625 elementor-widget elementor-widget-image\" data-id=\"d9de625\" data-element_type=\"widget\" data-widget_type=\"image.default\">\n\t\t\t\t<div class=\"elementor-widget-container\">\n\t\t\t\t\t\t\t\t\t\t\t\t\t\t\t<img decoding=\"async\" width=\"800\" height=\"641\" src=\"https:\/\/comunitatjueva.com\/wp-content\/uploads\/2023\/06\/peulot-1024x821-1.jpeg\" class=\"attachment-large size-large wp-image-2487\" alt=\"\" srcset=\"https:\/\/comunitatjueva.com\/wp-content\/uploads\/2023\/06\/peulot-1024x821-1.jpeg 1024w, https:\/\/comunitatjueva.com\/wp-content\/uploads\/2023\/06\/peulot-1024x821-1-300x241.jpeg 300w, https:\/\/comunitatjueva.com\/wp-content\/uploads\/2023\/06\/peulot-1024x821-1-768x616.jpeg 768w\" sizes=\"(max-width: 800px) 100vw, 800px\" \/>\t\t\t\t\t\t\t\t\t\t\t\t\t\t\t<\/div>\n\t\t\t\t<\/div>\n\t\t\t\t\t<\/div>\n\t\t\t\t<\/div>\n\t\t<div class=\"elementor-element elementor-element-6cb09c9 e-flex e-con-boxed e-con e-parent\" data-id=\"6cb09c9\" data-element_type=\"container\" data-settings=\"{&quot;background_background&quot;:&quot;classic&quot;}\">\n\t\t\t\t\t<div class=\"e-con-inner\">\n\t\t<div class=\"elementor-element elementor-element-c2bad6d e-con-full e-flex e-con e-parent\" data-id=\"c2bad6d\" data-element_type=\"container\">\n\t\t\t\t<div class=\"elementor-element elementor-element-dbaea21 elementor-widget elementor-widget-image\" data-id=\"dbaea21\" data-element_type=\"widget\" data-widget_type=\"image.default\">\n\t\t\t\t<div class=\"elementor-widget-container\">\n\t\t\t\t\t\t\t\t\t\t\t\t\t\t\t<img decoding=\"async\" src=\"https:\/\/comunitatjueva.com\/wp-content\/uploads\/elementor\/thumbs\/Copia-de-JODESH-qmc8j5j6dq2d4yb9bpn7j6ck495ia13e0xe0aeu52g.jpeg\" title=\"Copia-de-JODESH\" alt=\"Copia-de-JODESH\" loading=\"lazy\" \/>\t\t\t\t\t\t\t\t\t\t\t\t\t\t\t<\/div>\n\t\t\t\t<\/div>\n\t\t\t\t<\/div>\n\t\t<div class=\"elementor-element elementor-element-ca6af23 e-con-full e-flex e-con e-parent\" data-id=\"ca6af23\" data-element_type=\"container\">\n\t\t\t\t<div class=\"elementor-element elementor-element-bb07903 elementor-widget elementor-widget-heading\" data-id=\"bb07903\" data-element_type=\"widget\" data-widget_type=\"heading.default\">\n\t\t\t\t<div class=\"elementor-widget-container\">\n\t\t\t\t\t<h2 class=\"elementor-heading-title elementor-size-default\">JODESH \u00abJAZAK VE EMATZ\u00bb \u2013 2023<\/h2>\t\t\t\t<\/div>\n\t\t\t\t<\/div>\n\t\t\t\t<div class=\"elementor-element elementor-element-bd3386d elementor-widget elementor-widget-text-editor\" data-id=\"bd3386d\" data-element_type=\"widget\" data-widget_type=\"text-editor.default\">\n\t\t\t\t<div class=\"elementor-widget-container\">\n\t\t\t\t\t\t\t\t\t<p>Jodesh significa mes, \u00e9s per aix\u00f2 que durant un mes proposem que les din\u00e0miques i la forma en qu\u00e8 funciona Yajad canvi\u00ef per a convertir-se en una competici\u00f3 setmana a setmana per categories entre kvutzot.<\/p>\n\t\t\t\t\t\t\t\t<\/div>\n\t\t\t\t<\/div>\n\t\t\t\t<div class=\"elementor-element elementor-element-25d8dcd elementor-icon-list--layout-traditional elementor-list-item-link-full_width elementor-widget elementor-widget-icon-list\" data-id=\"25d8dcd\" data-element_type=\"widget\" data-widget_type=\"icon-list.default\">\n\t\t\t\t<div class=\"elementor-widget-container\">\n\t\t\t\t\t\t\t<ul class=\"elementor-icon-list-items\">\n\t\t\t\t\t\t\t<li class=\"elementor-icon-list-item\">\n\t\t\t\t\t\t\t\t\t\t<span class=\"elementor-icon-list-text\">Esport<\/span>\n\t\t\t\t\t\t\t\t\t<\/li>\n\t\t\t\t\t\t\t\t<li class=\"elementor-icon-list-item\">\n\t\t\t\t\t\t\t\t\t\t<span class=\"elementor-icon-list-text\">Trivia amb preguntes i respostes sobre cultura jueva, Israel i Yajad.<\/span>\n\t\t\t\t\t\t\t\t\t<\/li>\n\t\t\t\t\t\t\t\t<li class=\"elementor-icon-list-item\">\n\t\t\t\t\t\t\t\t\t\t<span class=\"elementor-icon-list-text\">Presentaci\u00f3 de samarreta, can\u00e7ons i cartells de cada kvutz\u00e1.<\/span>\n\t\t\t\t\t\t\t\t\t<\/li>\n\t\t\t\t\t\t<\/ul>\n\t\t\t\t\t\t<\/div>\n\t\t\t\t<\/div>\n\t\t\t\t<\/div>\n\t\t\t\t\t<\/div>\n\t\t\t\t<\/div>\n\t\t<div class=\"elementor-element elementor-element-6032d00 e-flex e-con-boxed e-con e-parent\" data-id=\"6032d00\" data-element_type=\"container\" data-settings=\"{&quot;background_background&quot;:&quot;classic&quot;}\">\n\t\t\t\t\t<div class=\"e-con-inner\">\n\t\t\t\t<div class=\"elementor-element elementor-element-8ec6a79 elementor-widget elementor-widget-heading\" data-id=\"8ec6a79\" data-element_type=\"widget\" data-widget_type=\"heading.default\">\n\t\t\t\t<div class=\"elementor-widget-container\">\n\t\t\t\t\t<h3 class=\"elementor-heading-title elementor-size-default\"><a href=\"mailto:%20oficina@cib.cat\">Per a m\u00e9s informaci\u00f3: oficina@cib.cat<\/a><\/h3>\t\t\t\t<\/div>\n\t\t\t\t<\/div>\n\t\t\t\t\t<\/div>\n\t\t\t\t<\/div>\n\t\t\t\t<\/div>\n\t\t","protected":false},"excerpt":{"rendered":"<p>Moviment juvenil Sionista Yajad \u00e9s el moviment juvenil sionista de la Comunitat Israelita de Barcelona, tnu\u00e1 germana de Hanoar Hatzion\u00ed Mundial. La paraula Yajad, significa \u00abjunts\u00bb (en hebreu) i tamb\u00e9 [&hellip;]<\/p>\n","protected":false},"author":1,"featured_media":0,"parent":3541,"menu_order":0,"comment_status":"closed","ping_status":"closed","template":"","meta":{"_acf_changed":false,"footnotes":""},"class_list":["post-3545","page","type-page","status-publish","hentry"],"acf":[],"_links":{"self":[{"href":"https:\/\/comunitatjueva.com\/ca\/wp-json\/wp\/v2\/pages\/3545","targetHints":{"allow":["GET"]}}],"collection":[{"href":"https:\/\/comunitatjueva.com\/ca\/wp-json\/wp\/v2\/pages"}],"about":[{"href":"https:\/\/comunitatjueva.com\/ca\/wp-json\/wp\/v2\/types\/page"}],"author":[{"embeddable":true,"href":"https:\/\/comunitatjueva.com\/ca\/wp-json\/wp\/v2\/users\/1"}],"replies":[{"embeddable":true,"href":"https:\/\/comunitatjueva.com\/ca\/wp-json\/wp\/v2\/comments?post=3545"}],"version-history":[{"count":2,"href":"https:\/\/comunitatjueva.com\/ca\/wp-json\/wp\/v2\/pages\/3545\/revisions"}],"predecessor-version":[{"id":3550,"href":"https:\/\/comunitatjueva.com\/ca\/wp-json\/wp\/v2\/pages\/3545\/revisions\/3550"}],"up":[{"embeddable":true,"href":"https:\/\/comunitatjueva.com\/ca\/wp-json\/wp\/v2\/pages\/3541"}],"wp:attachment":[{"href":"https:\/\/comunitatjueva.com\/ca\/wp-json\/wp\/v2\/media?parent=3545"}],"curies":[{"name":"wp","href":"https:\/\/api.w.org\/{rel}","templated":true}]}}