{"id":3539,"date":"2023-05-30T10:15:31","date_gmt":"2023-05-30T10:15:31","guid":{"rendered":"https:\/\/comunitatjueva.com\/horaris-de-shabat\/centre-cultural-talmud-tora-adret\/"},"modified":"2023-09-12T11:04:31","modified_gmt":"2023-09-12T11:04:31","slug":"centre-cultural-talmud-tora-adret","status":"publish","type":"page","link":"https:\/\/comunitatjueva.com\/ca\/horaris-de-shabat\/centre-cultural-talmud-tora-adret\/","title":{"rendered":"Centre Cultural Talmud Tor\u00e1 Adret"},"content":{"rendered":"\t\t<div data-elementor-type=\"wp-page\" data-elementor-id=\"3539\" class=\"elementor elementor-3539 elementor-1490\" data-elementor-post-type=\"page\">\n\t\t\t\t<div class=\"elementor-element elementor-element-34d5f94 e-con-full e-flex e-con e-parent\" data-id=\"34d5f94\" data-element_type=\"container\">\n\t\t\t\t<div class=\"elementor-element elementor-element-65d67de elementor-widget elementor-widget-template\" data-id=\"65d67de\" data-element_type=\"widget\" data-widget_type=\"template.default\">\n\t\t\t\t<div class=\"elementor-widget-container\">\n\t\t\t\t\t\t\t<div class=\"elementor-template\">\n\t\t\t\t\t<div data-elementor-type=\"container\" data-elementor-id=\"3934\" class=\"elementor elementor-3934 elementor-860\" data-elementor-post-type=\"elementor_library\">\n\t\t\t\t<div class=\"elementor-element elementor-element-797bdcd e-flex e-con-boxed e-con e-parent\" data-id=\"797bdcd\" data-element_type=\"container\" data-settings=\"{&quot;background_background&quot;:&quot;classic&quot;}\">\n\t\t\t\t\t<div class=\"e-con-inner\">\n\t\t<div class=\"elementor-element elementor-element-f53fe1b e-con-full e-flex e-con e-parent\" data-id=\"f53fe1b\" data-element_type=\"container\" data-settings=\"{&quot;background_background&quot;:&quot;classic&quot;}\">\n\t\t\t\t<div class=\"elementor-element elementor-element-1244b93 elementor-widget elementor-widget-heading\" data-id=\"1244b93\" data-element_type=\"widget\" data-widget_type=\"heading.default\">\n\t\t\t\t<div class=\"elementor-widget-container\">\n\t\t\t\t\t<h1 class=\"elementor-heading-title elementor-size-default\">Rabinat<\/h1>\t\t\t\t<\/div>\n\t\t\t\t<\/div>\n\t\t\t\t<div class=\"elementor-element elementor-element-e3c5b40 elementor-nav-menu__align-center elementor-nav-menu--dropdown-none elementor-widget elementor-widget-nav-menu\" data-id=\"e3c5b40\" data-element_type=\"widget\" data-settings=\"{&quot;layout&quot;:&quot;horizontal&quot;,&quot;submenu_icon&quot;:{&quot;value&quot;:&quot;&lt;i class=\\&quot;fas fa-caret-down\\&quot;&gt;&lt;\\\/i&gt;&quot;,&quot;library&quot;:&quot;fa-solid&quot;}}\" data-widget_type=\"nav-menu.default\">\n\t\t\t\t<div class=\"elementor-widget-container\">\n\t\t\t\t\t\t\t\t<nav aria-label=\"Menu\" class=\"elementor-nav-menu--main elementor-nav-menu__container elementor-nav-menu--layout-horizontal e--pointer-none\">\n\t\t\t\t<ul id=\"menu-1-e3c5b40\" class=\"elementor-nav-menu\"><li class=\"menu-item menu-item-type-post_type menu-item-object-page menu-item-856\"><a href=\"https:\/\/comunitatjueva.com\/horarios-de-shabat\/\" class=\"elementor-item\">Horaris de Shabat<\/a><\/li>\n<li class=\"menu-item menu-item-type-post_type menu-item-object-page menu-item-2849\"><a href=\"https:\/\/comunitatjueva.com\/horarios-de-shabat\/centro-cultural-talmud-tora-adret\/\" class=\"elementor-item\">Centre Cultural Talmud Tor\u00e1 Adret<\/a><\/li>\n<li class=\"menu-item menu-item-type-post_type menu-item-object-page menu-item-891\"><a href=\"https:\/\/comunitatjueva.com\/horarios-de-shabat\/bar-y-mitzvot\/\" class=\"elementor-item\">Bar i Mitzvot<\/a><\/li>\n<li class=\"menu-item menu-item-type-post_type menu-item-object-page menu-item-896\"><a href=\"https:\/\/comunitatjueva.com\/horarios-de-shabat\/mikve\/\" class=\"elementor-item\">Mikve<\/a><\/li>\n<\/ul>\t\t\t<\/nav>\n\t\t\t\t\t\t<nav class=\"elementor-nav-menu--dropdown elementor-nav-menu__container\" aria-hidden=\"true\">\n\t\t\t\t<ul id=\"menu-2-e3c5b40\" class=\"elementor-nav-menu\"><li class=\"menu-item menu-item-type-post_type menu-item-object-page menu-item-856\"><a href=\"https:\/\/comunitatjueva.com\/horarios-de-shabat\/\" class=\"elementor-item\" tabindex=\"-1\">Horaris de Shabat<\/a><\/li>\n<li class=\"menu-item menu-item-type-post_type menu-item-object-page menu-item-2849\"><a href=\"https:\/\/comunitatjueva.com\/horarios-de-shabat\/centro-cultural-talmud-tora-adret\/\" class=\"elementor-item\" tabindex=\"-1\">Centre Cultural Talmud Tor\u00e1 Adret<\/a><\/li>\n<li class=\"menu-item menu-item-type-post_type menu-item-object-page menu-item-891\"><a href=\"https:\/\/comunitatjueva.com\/horarios-de-shabat\/bar-y-mitzvot\/\" class=\"elementor-item\" tabindex=\"-1\">Bar i Mitzvot<\/a><\/li>\n<li class=\"menu-item menu-item-type-post_type menu-item-object-page menu-item-896\"><a href=\"https:\/\/comunitatjueva.com\/horarios-de-shabat\/mikve\/\" class=\"elementor-item\" tabindex=\"-1\">Mikve<\/a><\/li>\n<\/ul>\t\t\t<\/nav>\n\t\t\t\t\t\t<\/div>\n\t\t\t\t<\/div>\n\t\t\t\t<\/div>\n\t\t\t\t\t<\/div>\n\t\t\t\t<\/div>\n\t\t\t\t<\/div>\n\t\t\t\t<\/div>\n\t\t\t\t\t\t<\/div>\n\t\t\t\t<\/div>\n\t\t\t\t<\/div>\n\t\t<div class=\"elementor-element elementor-element-9af6d12 e-flex e-con-boxed e-con e-parent\" data-id=\"9af6d12\" data-element_type=\"container\">\n\t\t\t\t\t<div class=\"e-con-inner\">\n\t\t<div class=\"elementor-element elementor-element-e638378 e-con-full e-flex e-con e-parent\" data-id=\"e638378\" data-element_type=\"container\">\n\t\t\t\t<div class=\"elementor-element elementor-element-e6f44bc elementor-widget elementor-widget-heading\" data-id=\"e6f44bc\" data-element_type=\"widget\" data-widget_type=\"heading.default\">\n\t\t\t\t<div class=\"elementor-widget-container\">\n\t\t\t\t\t<h2 class=\"elementor-heading-title elementor-size-default\">Centre Cultural Talmud Tor\u00e1 Adret<\/h2>\t\t\t\t<\/div>\n\t\t\t\t<\/div>\n\t\t\t\t<div class=\"elementor-element elementor-element-03f4971 elementor-icon-list--layout-traditional elementor-list-item-link-full_width elementor-widget elementor-widget-icon-list\" data-id=\"03f4971\" data-element_type=\"widget\" data-widget_type=\"icon-list.default\">\n\t\t\t\t<div class=\"elementor-widget-container\">\n\t\t\t\t\t\t\t<ul class=\"elementor-icon-list-items\">\n\t\t\t\t\t\t\t<li class=\"elementor-icon-list-item\">\n\t\t\t\t\t\t\t\t\t\t<span class=\"elementor-icon-list-text\">Formar alumnes que en el futur puguin construir una llar jueva \u00edntegra i formar part activa de qualsevol comunitat jueva del m\u00f3n<\/span>\n\t\t\t\t\t\t\t\t\t<\/li>\n\t\t\t\t\t\t\t\t<li class=\"elementor-icon-list-item\">\n\t\t\t\t\t\t\t\t\t\t<span class=\"elementor-icon-list-text\">Impartir contingut jueu rellevant per a preservar i augmentar la identitat jueva, la connexi\u00f3 amb Israel i els valors tradicionals del nostre poble a trav\u00e9s de l'estudi de la Tor\u00e0 i el compliment de les Mitzvot<\/span>\n\t\t\t\t\t\t\t\t\t<\/li>\n\t\t\t\t\t\t<\/ul>\n\t\t\t\t\t\t<\/div>\n\t\t\t\t<\/div>\n\t\t\t\t<\/div>\n\t\t<div class=\"elementor-element elementor-element-902c817 e-con-full e-flex e-con e-parent\" data-id=\"902c817\" data-element_type=\"container\">\n\t\t\t\t<div class=\"elementor-element elementor-element-d310ecb elementor-widget elementor-widget-image\" data-id=\"d310ecb\" data-element_type=\"widget\" data-widget_type=\"image.default\">\n\t\t\t\t<div class=\"elementor-widget-container\">\n\t\t\t\t\t\t\t\t\t\t\t\t\t\t\t<img decoding=\"async\" src=\"https:\/\/comunitatjueva.com\/wp-content\/uploads\/2023\/07\/talmud-1.jpg\" title=\"talmud\" alt=\"talmud\" loading=\"lazy\" \/>\t\t\t\t\t\t\t\t\t\t\t\t\t\t\t<\/div>\n\t\t\t\t<\/div>\n\t\t\t\t<\/div>\n\t\t\t\t\t<\/div>\n\t\t\t\t<\/div>\n\t\t<div class=\"elementor-element elementor-element-2e21942 e-flex e-con-boxed e-con e-parent\" data-id=\"2e21942\" data-element_type=\"container\" data-settings=\"{&quot;background_background&quot;:&quot;classic&quot;}\">\n\t\t\t\t\t<div class=\"e-con-inner\">\n\t\t<div class=\"elementor-element elementor-element-39868bb e-con-full e-flex e-con e-parent\" data-id=\"39868bb\" data-element_type=\"container\">\n\t\t\t\t<div class=\"elementor-element elementor-element-fb12c9d elementor-widget elementor-widget-image\" data-id=\"fb12c9d\" data-element_type=\"widget\" data-widget_type=\"image.default\">\n\t\t\t\t<div class=\"elementor-widget-container\">\n\t\t\t\t\t\t\t\t\t\t\t\t\t\t\t<img fetchpriority=\"high\" decoding=\"async\" width=\"1556\" height=\"1557\" src=\"https:\/\/comunitatjueva.com\/wp-content\/uploads\/2023\/06\/tora.jpeg\" class=\"attachment-full size-full wp-image-2697\" alt=\"\" srcset=\"https:\/\/comunitatjueva.com\/wp-content\/uploads\/2023\/06\/tora.jpeg 1556w, https:\/\/comunitatjueva.com\/wp-content\/uploads\/2023\/06\/tora-300x300.jpeg 300w, https:\/\/comunitatjueva.com\/wp-content\/uploads\/2023\/06\/tora-1024x1024.jpeg 1024w, https:\/\/comunitatjueva.com\/wp-content\/uploads\/2023\/06\/tora-150x150.jpeg 150w, https:\/\/comunitatjueva.com\/wp-content\/uploads\/2023\/06\/tora-768x768.jpeg 768w, https:\/\/comunitatjueva.com\/wp-content\/uploads\/2023\/06\/tora-1536x1536.jpeg 1536w\" sizes=\"(max-width: 1556px) 100vw, 1556px\" \/>\t\t\t\t\t\t\t\t\t\t\t\t\t\t\t<\/div>\n\t\t\t\t<\/div>\n\t\t\t\t<\/div>\n\t\t<div class=\"elementor-element elementor-element-96eb909 e-con-full e-flex e-con e-parent\" data-id=\"96eb909\" data-element_type=\"container\">\n\t\t\t\t<div class=\"elementor-element elementor-element-de18183 elementor-widget elementor-widget-image\" data-id=\"de18183\" data-element_type=\"widget\" data-widget_type=\"image.default\">\n\t\t\t\t<div class=\"elementor-widget-container\">\n\t\t\t\t\t\t\t\t\t\t\t\t\t\t\t<img decoding=\"async\" width=\"1556\" height=\"1557\" src=\"https:\/\/comunitatjueva.com\/wp-content\/uploads\/2023\/06\/estudio.jpeg\" class=\"attachment-full size-full wp-image-2701\" alt=\"\" srcset=\"https:\/\/comunitatjueva.com\/wp-content\/uploads\/2023\/06\/estudio.jpeg 1556w, https:\/\/comunitatjueva.com\/wp-content\/uploads\/2023\/06\/estudio-300x300.jpeg 300w, https:\/\/comunitatjueva.com\/wp-content\/uploads\/2023\/06\/estudio-1024x1024.jpeg 1024w, https:\/\/comunitatjueva.com\/wp-content\/uploads\/2023\/06\/estudio-150x150.jpeg 150w, https:\/\/comunitatjueva.com\/wp-content\/uploads\/2023\/06\/estudio-768x768.jpeg 768w, https:\/\/comunitatjueva.com\/wp-content\/uploads\/2023\/06\/estudio-1536x1536.jpeg 1536w\" sizes=\"(max-width: 1556px) 100vw, 1556px\" \/>\t\t\t\t\t\t\t\t\t\t\t\t\t\t\t<\/div>\n\t\t\t\t<\/div>\n\t\t\t\t<\/div>\n\t\t\t\t\t<\/div>\n\t\t\t\t<\/div>\n\t\t<div class=\"elementor-element elementor-element-6032d00 e-flex e-con-boxed e-con e-parent\" data-id=\"6032d00\" data-element_type=\"container\" data-settings=\"{&quot;background_background&quot;:&quot;classic&quot;}\">\n\t\t\t\t\t<div class=\"e-con-inner\">\n\t\t\t\t<div class=\"elementor-element elementor-element-8ec6a79 elementor-widget elementor-widget-heading\" data-id=\"8ec6a79\" data-element_type=\"widget\" data-widget_type=\"heading.default\">\n\t\t\t\t<div class=\"elementor-widget-container\">\n\t\t\t\t\t<h3 class=\"elementor-heading-title elementor-size-default\"><a href=\"mailto:%20oficina@cib.cat\">Per a m\u00e9s informaci\u00f3: oficina@cib.cat<\/a><\/h3>\t\t\t\t<\/div>\n\t\t\t\t<\/div>\n\t\t\t\t\t<\/div>\n\t\t\t\t<\/div>\n\t\t\t\t<\/div>\n\t\t","protected":false},"excerpt":{"rendered":"<p>Centre Cultural Talmud Tor\u00e1 Adret Formar alumnes que en el futur puguin construir una llar jueva \u00edntegra i formar part activa de qualsevol comunitat jueva del m\u00f3n Impartir contingut jueu [&hellip;]<\/p>\n","protected":false},"author":1,"featured_media":0,"parent":3531,"menu_order":0,"comment_status":"closed","ping_status":"closed","template":"","meta":{"_acf_changed":false,"footnotes":""},"class_list":["post-3539","page","type-page","status-publish","hentry"],"acf":[],"_links":{"self":[{"href":"https:\/\/comunitatjueva.com\/ca\/wp-json\/wp\/v2\/pages\/3539","targetHints":{"allow":["GET"]}}],"collection":[{"href":"https:\/\/comunitatjueva.com\/ca\/wp-json\/wp\/v2\/pages"}],"about":[{"href":"https:\/\/comunitatjueva.com\/ca\/wp-json\/wp\/v2\/types\/page"}],"author":[{"embeddable":true,"href":"https:\/\/comunitatjueva.com\/ca\/wp-json\/wp\/v2\/users\/1"}],"replies":[{"embeddable":true,"href":"https:\/\/comunitatjueva.com\/ca\/wp-json\/wp\/v2\/comments?post=3539"}],"version-history":[{"count":1,"href":"https:\/\/comunitatjueva.com\/ca\/wp-json\/wp\/v2\/pages\/3539\/revisions"}],"predecessor-version":[{"id":3540,"href":"https:\/\/comunitatjueva.com\/ca\/wp-json\/wp\/v2\/pages\/3539\/revisions\/3540"}],"up":[{"embeddable":true,"href":"https:\/\/comunitatjueva.com\/ca\/wp-json\/wp\/v2\/pages\/3531"}],"wp:attachment":[{"href":"https:\/\/comunitatjueva.com\/ca\/wp-json\/wp\/v2\/media?parent=3539"}],"curies":[{"name":"wp","href":"https:\/\/api.w.org\/{rel}","templated":true}]}}