{"id":3527,"date":"2023-05-12T10:22:00","date_gmt":"2023-05-12T10:22:00","guid":{"rendered":"https:\/\/comunitatjueva.com\/historia\/el-nostre-equip\/"},"modified":"2024-03-12T09:48:31","modified_gmt":"2024-03-12T09:48:31","slug":"el-nostre-equip","status":"publish","type":"page","link":"https:\/\/comunitatjueva.com\/ca\/historia\/el-nostre-equip\/","title":{"rendered":"El nostre equip"},"content":{"rendered":"\t\t<div data-elementor-type=\"wp-page\" data-elementor-id=\"3527\" class=\"elementor elementor-3527 elementor-679\" data-elementor-post-type=\"page\">\n\t\t\t\t<div class=\"elementor-element elementor-element-9da8a90 e-con-full e-flex e-con e-parent\" data-id=\"9da8a90\" data-element_type=\"container\">\n\t\t\t\t<div class=\"elementor-element elementor-element-5225285 elementor-widget elementor-widget-template\" data-id=\"5225285\" data-element_type=\"widget\" data-widget_type=\"template.default\">\n\t\t\t\t<div class=\"elementor-widget-container\">\n\t\t\t\t\t\t\t<div class=\"elementor-template\">\n\t\t\t\t\t<div data-elementor-type=\"container\" data-elementor-id=\"3942\" class=\"elementor elementor-3942 elementor-626\" data-elementor-post-type=\"elementor_library\">\n\t\t\t\t<div class=\"elementor-element elementor-element-1ee40e33 e-flex e-con-boxed e-con e-parent\" data-id=\"1ee40e33\" data-element_type=\"container\" data-settings=\"{&quot;background_background&quot;:&quot;classic&quot;}\">\n\t\t\t\t\t<div class=\"e-con-inner\">\n\t\t<div class=\"elementor-element elementor-element-48f73d1c e-con-full e-flex e-con e-parent\" data-id=\"48f73d1c\" data-element_type=\"container\" data-settings=\"{&quot;background_background&quot;:&quot;classic&quot;}\">\n\t\t\t\t<div class=\"elementor-element elementor-element-431720ac elementor-widget elementor-widget-heading\" data-id=\"431720ac\" data-element_type=\"widget\" data-widget_type=\"heading.default\">\n\t\t\t\t<div class=\"elementor-widget-container\">\n\t\t\t\t\t<h1 class=\"elementor-heading-title elementor-size-default\">Sobre CIB<\/h1>\t\t\t\t<\/div>\n\t\t\t\t<\/div>\n\t\t\t\t<div class=\"elementor-element elementor-element-1e41904b elementor-nav-menu__align-center elementor-nav-menu--dropdown-none elementor-widget elementor-widget-nav-menu\" data-id=\"1e41904b\" data-element_type=\"widget\" data-settings=\"{&quot;layout&quot;:&quot;horizontal&quot;,&quot;submenu_icon&quot;:{&quot;value&quot;:&quot;&lt;i class=\\&quot;fas fa-caret-down\\&quot;&gt;&lt;\\\/i&gt;&quot;,&quot;library&quot;:&quot;fa-solid&quot;}}\" data-widget_type=\"nav-menu.default\">\n\t\t\t\t<div class=\"elementor-widget-container\">\n\t\t\t\t\t\t\t\t<nav aria-label=\"Menu\" class=\"elementor-nav-menu--main elementor-nav-menu__container elementor-nav-menu--layout-horizontal e--pointer-none\">\n\t\t\t\t<ul id=\"menu-1-1e41904b\" class=\"elementor-nav-menu\"><li class=\"menu-item menu-item-type-post_type menu-item-object-page menu-item-468\"><a href=\"https:\/\/comunitatjueva.com\/historia\/\" class=\"elementor-item\">Hist\u00f2ria<\/a><\/li>\n<li class=\"menu-item menu-item-type-post_type menu-item-object-page menu-item-634\"><a href=\"https:\/\/comunitatjueva.com\/historia\/mision-y-objetivos\/\" class=\"elementor-item\">Missi\u00f3 i objectius<\/a><\/li>\n<li class=\"menu-item menu-item-type-post_type menu-item-object-page menu-item-681\"><a href=\"https:\/\/comunitatjueva.com\/historia\/nuestro-equipo\/\" class=\"elementor-item\">El nostre equip<\/a><\/li>\n<\/ul>\t\t\t<\/nav>\n\t\t\t\t\t\t<nav class=\"elementor-nav-menu--dropdown elementor-nav-menu__container\" aria-hidden=\"true\">\n\t\t\t\t<ul id=\"menu-2-1e41904b\" class=\"elementor-nav-menu\"><li class=\"menu-item menu-item-type-post_type menu-item-object-page menu-item-468\"><a href=\"https:\/\/comunitatjueva.com\/historia\/\" class=\"elementor-item\" tabindex=\"-1\">Hist\u00f2ria<\/a><\/li>\n<li class=\"menu-item menu-item-type-post_type menu-item-object-page menu-item-634\"><a href=\"https:\/\/comunitatjueva.com\/historia\/mision-y-objetivos\/\" class=\"elementor-item\" tabindex=\"-1\">Missi\u00f3 i objectius<\/a><\/li>\n<li class=\"menu-item menu-item-type-post_type menu-item-object-page menu-item-681\"><a href=\"https:\/\/comunitatjueva.com\/historia\/nuestro-equipo\/\" class=\"elementor-item\" tabindex=\"-1\">El nostre equip<\/a><\/li>\n<\/ul>\t\t\t<\/nav>\n\t\t\t\t\t\t<\/div>\n\t\t\t\t<\/div>\n\t\t\t\t<\/div>\n\t\t\t\t\t<\/div>\n\t\t\t\t<\/div>\n\t\t\t\t<\/div>\n\t\t\t\t<\/div>\n\t\t\t\t\t\t<\/div>\n\t\t\t\t<\/div>\n\t\t\t\t<\/div>\n\t\t<div class=\"elementor-element elementor-element-35861ac e-flex e-con-boxed e-con e-parent\" data-id=\"35861ac\" data-element_type=\"container\" data-settings=\"{&quot;background_background&quot;:&quot;classic&quot;}\">\n\t\t\t\t\t<div class=\"e-con-inner\">\n\t\t\t\t<div class=\"elementor-element elementor-element-471f860 elementor-widget elementor-widget-text-editor\" data-id=\"471f860\" data-element_type=\"widget\" data-widget_type=\"text-editor.default\">\n\t\t\t\t<div class=\"elementor-widget-container\">\n\t\t\t\t\t\t\t\t\t<p>Comptem amb un equip multidisciplinari busquem construir comunitat al costat de vost\u00e8s<\/p>\n\t\t\t\t\t\t\t\t<\/div>\n\t\t\t\t<\/div>\n\t\t\t\t\t<\/div>\n\t\t\t\t<\/div>\n\t\t<div class=\"elementor-element elementor-element-e6618a4 e-flex e-con-boxed e-con e-parent\" data-id=\"e6618a4\" data-element_type=\"container\">\n\t\t\t\t\t<div class=\"e-con-inner\">\n\t\t<div class=\"elementor-element elementor-element-8bcecf0 e-con-full e-flex e-con e-child\" data-id=\"8bcecf0\" data-element_type=\"container\">\n\t\t<div class=\"elementor-element elementor-element-154e1e4 e-con-full e-flex e-con e-child\" data-id=\"154e1e4\" data-element_type=\"container\">\n\t\t<div class=\"elementor-element elementor-element-755ac55 e-flex e-con-boxed e-con e-child\" data-id=\"755ac55\" data-element_type=\"container\">\n\t\t\t\t\t<div class=\"e-con-inner\">\n\t\t\t\t<div class=\"elementor-element elementor-element-bf3a506 elementor-widget elementor-widget-heading\" data-id=\"bf3a506\" data-element_type=\"widget\" data-widget_type=\"heading.default\">\n\t\t\t\t<div class=\"elementor-widget-container\">\n\t\t\t\t\t<h5 class=\"elementor-heading-title elementor-size-default\">Direcci\u00f3 institucional \n\n<\/h5>\t\t\t\t<\/div>\n\t\t\t\t<\/div>\n\t\t\t\t<div class=\"elementor-element elementor-element-dc68ee2 elementor-widget elementor-widget-heading\" data-id=\"dc68ee2\" data-element_type=\"widget\" data-widget_type=\"heading.default\">\n\t\t\t\t<div class=\"elementor-widget-container\">\n\t\t\t\t\t<div class=\"elementor-heading-title elementor-size-default\"><a href=\"mailto:%20direccioninstitucional@colegiohatikva.es%20\">direccioninstitucional@colegiohatikva.es <\/a><\/div>\t\t\t\t<\/div>\n\t\t\t\t<\/div>\n\t\t\t\t\t<\/div>\n\t\t\t\t<\/div>\n\t\t<div class=\"elementor-element elementor-element-179980f e-flex e-con-boxed e-con e-child\" data-id=\"179980f\" data-element_type=\"container\">\n\t\t\t\t\t<div class=\"e-con-inner\">\n\t\t\t\t<div class=\"elementor-element elementor-element-c78de21 elementor-widget elementor-widget-heading\" data-id=\"c78de21\" data-element_type=\"widget\" data-widget_type=\"heading.default\">\n\t\t\t\t<div class=\"elementor-widget-container\">\n\t\t\t\t\t<h5 class=\"elementor-heading-title elementor-size-default\">Subdirecci\u00f3<\/h5>\t\t\t\t<\/div>\n\t\t\t\t<\/div>\n\t\t\t\t<div class=\"elementor-element elementor-element-bf1a36d elementor-widget elementor-widget-heading\" data-id=\"bf1a36d\" data-element_type=\"widget\" data-widget_type=\"heading.default\">\n\t\t\t\t<div class=\"elementor-widget-container\">\n\t\t\t\t\t<div class=\"elementor-heading-title elementor-size-default\"><a href=\"mailto:%20subdireccion@cib.cat\">subdireccion@cib.cat \n\n<\/a><\/div>\t\t\t\t<\/div>\n\t\t\t\t<\/div>\n\t\t\t\t\t<\/div>\n\t\t\t\t<\/div>\n\t\t<div class=\"elementor-element elementor-element-802bea1 e-flex e-con-boxed e-con e-child\" data-id=\"802bea1\" data-element_type=\"container\">\n\t\t\t\t\t<div class=\"e-con-inner\">\n\t\t\t\t<div class=\"elementor-element elementor-element-7085c2c elementor-widget elementor-widget-heading\" data-id=\"7085c2c\" data-element_type=\"widget\" data-widget_type=\"heading.default\">\n\t\t\t\t<div class=\"elementor-widget-container\">\n\t\t\t\t\t<h5 class=\"elementor-heading-title elementor-size-default\">Direcci\u00f3 d'Administraci\u00f3 i Finances<\/h5>\t\t\t\t<\/div>\n\t\t\t\t<\/div>\n\t\t\t\t<div class=\"elementor-element elementor-element-bc7d889 elementor-widget elementor-widget-heading\" data-id=\"bc7d889\" data-element_type=\"widget\" data-widget_type=\"heading.default\">\n\t\t\t\t<div class=\"elementor-widget-container\">\n\t\t\t\t\t<div class=\"elementor-heading-title elementor-size-default\"><a href=\"mailto:%20finanzas@cib.cat\">finanzas@cib.cat <\/a><\/div>\t\t\t\t<\/div>\n\t\t\t\t<\/div>\n\t\t\t\t\t<\/div>\n\t\t\t\t<\/div>\n\t\t<div class=\"elementor-element elementor-element-38c56b5 e-flex e-con-boxed e-con e-child\" data-id=\"38c56b5\" data-element_type=\"container\">\n\t\t\t\t\t<div class=\"e-con-inner\">\n\t\t\t\t<div class=\"elementor-element elementor-element-d4a607e elementor-widget elementor-widget-heading\" data-id=\"d4a607e\" data-element_type=\"widget\" data-widget_type=\"heading.default\">\n\t\t\t\t<div class=\"elementor-widget-container\">\n\t\t\t\t\t<h5 class=\"elementor-heading-title elementor-size-default\">Oficina<\/h5>\t\t\t\t<\/div>\n\t\t\t\t<\/div>\n\t\t\t\t<div class=\"elementor-element elementor-element-d2125a7 elementor-widget elementor-widget-heading\" data-id=\"d2125a7\" data-element_type=\"widget\" data-widget_type=\"heading.default\">\n\t\t\t\t<div class=\"elementor-widget-container\">\n\t\t\t\t\t<div class=\"elementor-heading-title elementor-size-default\"><a href=\"mailto:%20oficina@cib.cat\">oficina@cib.cat<\/a><\/div>\t\t\t\t<\/div>\n\t\t\t\t<\/div>\n\t\t\t\t\t<\/div>\n\t\t\t\t<\/div>\n\t\t<div class=\"elementor-element elementor-element-a55eaa7 e-flex e-con-boxed e-con e-child\" data-id=\"a55eaa7\" data-element_type=\"container\">\n\t\t\t\t\t<div class=\"e-con-inner\">\n\t\t\t\t<div class=\"elementor-element elementor-element-0ec2274 elementor-widget elementor-widget-heading\" data-id=\"0ec2274\" data-element_type=\"widget\" data-widget_type=\"heading.default\">\n\t\t\t\t<div class=\"elementor-widget-container\">\n\t\t\t\t\t<h5 class=\"elementor-heading-title elementor-size-default\">Joventut<\/h5>\t\t\t\t<\/div>\n\t\t\t\t<\/div>\n\t\t\t\t<div class=\"elementor-element elementor-element-8fc2404 elementor-widget elementor-widget-heading\" data-id=\"8fc2404\" data-element_type=\"widget\" data-widget_type=\"heading.default\">\n\t\t\t\t<div class=\"elementor-widget-container\">\n\t\t\t\t\t<div class=\"elementor-heading-title elementor-size-default\"><a href=\"mailto:%20juventud@cib.cat%20\">juventud@cib.cat<\/a><\/div>\t\t\t\t<\/div>\n\t\t\t\t<\/div>\n\t\t\t\t\t<\/div>\n\t\t\t\t<\/div>\n\t\t<div class=\"elementor-element elementor-element-6a2e245 e-flex e-con-boxed e-con e-child\" data-id=\"6a2e245\" data-element_type=\"container\">\n\t\t\t\t\t<div class=\"e-con-inner\">\n\t\t\t\t<div class=\"elementor-element elementor-element-167738f elementor-widget elementor-widget-heading\" data-id=\"167738f\" data-element_type=\"widget\" data-widget_type=\"heading.default\">\n\t\t\t\t<div class=\"elementor-widget-container\">\n\t\t\t\t\t<h5 class=\"elementor-heading-title elementor-size-default\">Tarbut - Departament de Cultura<\/h5>\t\t\t\t<\/div>\n\t\t\t\t<\/div>\n\t\t\t\t<div class=\"elementor-element elementor-element-44ee3e7 elementor-widget elementor-widget-heading\" data-id=\"44ee3e7\" data-element_type=\"widget\" data-widget_type=\"heading.default\">\n\t\t\t\t<div class=\"elementor-widget-container\">\n\t\t\t\t\t<div class=\"elementor-heading-title elementor-size-default\"><a href=\"mailto:%20juventud@cib.cat%20\">tarbut@cib.cat<\/a><\/div>\t\t\t\t<\/div>\n\t\t\t\t<\/div>\n\t\t\t\t\t<\/div>\n\t\t\t\t<\/div>\n\t\t<div class=\"elementor-element elementor-element-3c60760 e-flex e-con-boxed e-con e-child\" data-id=\"3c60760\" data-element_type=\"container\">\n\t\t\t\t\t<div class=\"e-con-inner\">\n\t\t\t\t<div class=\"elementor-element elementor-element-123b219 elementor-widget elementor-widget-heading\" data-id=\"123b219\" data-element_type=\"widget\" data-widget_type=\"heading.default\">\n\t\t\t\t<div class=\"elementor-widget-container\">\n\t\t\t\t\t<h5 class=\"elementor-heading-title elementor-size-default\">Projecte Sho\u00e1 Barcelona<\/h5>\t\t\t\t<\/div>\n\t\t\t\t<\/div>\n\t\t\t\t<div class=\"elementor-element elementor-element-f1263fb elementor-widget elementor-widget-heading\" data-id=\"f1263fb\" data-element_type=\"widget\" data-widget_type=\"heading.default\">\n\t\t\t\t<div class=\"elementor-widget-container\">\n\t\t\t\t\t<div class=\"elementor-heading-title elementor-size-default\"><a href=\"mailto:%20proyectoshoabcn@cib.cat%20\">proyectoshoabcn@cib.cat<\/a><\/div>\t\t\t\t<\/div>\n\t\t\t\t<\/div>\n\t\t\t\t\t<\/div>\n\t\t\t\t<\/div>\n\t\t<div class=\"elementor-element elementor-element-9c6a156 e-flex e-con-boxed e-con e-child\" data-id=\"9c6a156\" data-element_type=\"container\">\n\t\t\t\t\t<div class=\"e-con-inner\">\n\t\t\t\t<div class=\"elementor-element elementor-element-06a5430 elementor-widget elementor-widget-heading\" data-id=\"06a5430\" data-element_type=\"widget\" data-widget_type=\"heading.default\">\n\t\t\t\t<div class=\"elementor-widget-container\">\n\t\t\t\t\t<h5 class=\"elementor-heading-title elementor-size-default\">Rabinat i Talmud Tor\u00e1\n\n<\/h5>\t\t\t\t<\/div>\n\t\t\t\t<\/div>\n\t\t\t\t<div class=\"elementor-element elementor-element-9b62c00 elementor-widget elementor-widget-heading\" data-id=\"9b62c00\" data-element_type=\"widget\" data-widget_type=\"heading.default\">\n\t\t\t\t<div class=\"elementor-widget-container\">\n\t\t\t\t\t<div class=\"elementor-heading-title elementor-size-default\"><a href=\"mailto:%20rabinato@cib.cat\">rabinato@cib.cat<\/a><\/div>\t\t\t\t<\/div>\n\t\t\t\t<\/div>\n\t\t\t\t<div class=\"elementor-element elementor-element-d71fa11 elementor-widget elementor-widget-heading\" data-id=\"d71fa11\" data-element_type=\"widget\" data-widget_type=\"heading.default\">\n\t\t\t\t<div class=\"elementor-widget-container\">\n\t\t\t\t\t<div class=\"elementor-heading-title elementor-size-default\"><a href=\"mailto:%20rabanit@cib.cat\">rabanit@cib.cat<\/a><\/div>\t\t\t\t<\/div>\n\t\t\t\t<\/div>\n\t\t\t\t\t<\/div>\n\t\t\t\t<\/div>\n\t\t<div class=\"elementor-element elementor-element-ff5e364 e-flex e-con-boxed e-con e-child\" data-id=\"ff5e364\" data-element_type=\"container\">\n\t\t\t\t\t<div class=\"e-con-inner\">\n\t\t\t\t<div class=\"elementor-element elementor-element-18aa319 elementor-widget elementor-widget-heading\" data-id=\"18aa319\" data-element_type=\"widget\" data-widget_type=\"heading.default\">\n\t\t\t\t<div class=\"elementor-widget-container\">\n\t\t\t\t\t<h5 class=\"elementor-heading-title elementor-size-default\">Departament de Di\u00e0leg Interreligi\u00f3s<\/h5>\t\t\t\t<\/div>\n\t\t\t\t<\/div>\n\t\t\t\t<div class=\"elementor-element elementor-element-bfc5a0b elementor-widget elementor-widget-heading\" data-id=\"bfc5a0b\" data-element_type=\"widget\" data-widget_type=\"heading.default\">\n\t\t\t\t<div class=\"elementor-widget-container\">\n\t\t\t\t\t<div class=\"elementor-heading-title elementor-size-default\"><a href=\"mailto:%20talmudtora@cib.cat\">talmudtora@cib.cat<\/a><\/div>\t\t\t\t<\/div>\n\t\t\t\t<\/div>\n\t\t\t\t\t<\/div>\n\t\t\t\t<\/div>\n\t\t<div class=\"elementor-element elementor-element-ed3cf3f e-flex e-con-boxed e-con e-child\" data-id=\"ed3cf3f\" data-element_type=\"container\">\n\t\t\t\t\t<div class=\"e-con-inner\">\n\t\t\t\t<div class=\"elementor-element elementor-element-98421ca elementor-widget elementor-widget-heading\" data-id=\"98421ca\" data-element_type=\"widget\" data-widget_type=\"heading.default\">\n\t\t\t\t<div class=\"elementor-widget-container\">\n\t\t\t\t\t<h5 class=\"elementor-heading-title elementor-size-default\">Bitajon<\/h5>\t\t\t\t<\/div>\n\t\t\t\t<\/div>\n\t\t\t\t<div class=\"elementor-element elementor-element-64dfba2 elementor-widget elementor-widget-heading\" data-id=\"64dfba2\" data-element_type=\"widget\" data-widget_type=\"heading.default\">\n\t\t\t\t<div class=\"elementor-widget-container\">\n\t\t\t\t\t<div class=\"elementor-heading-title elementor-size-default\"><a href=\"mailto:%20bitajon@cib.cat\">bitajon@cib.cat <\/a><\/div>\t\t\t\t<\/div>\n\t\t\t\t<\/div>\n\t\t\t\t\t<\/div>\n\t\t\t\t<\/div>\n\t\t\t\t<\/div>\n\t\t\t\t<\/div>\n\t\t<div class=\"elementor-element elementor-element-d119373 e-con-full e-flex e-con e-child\" data-id=\"d119373\" data-element_type=\"container\">\n\t\t\t\t<div class=\"elementor-element elementor-element-a82002d elementor-widget elementor-widget-image\" data-id=\"a82002d\" data-element_type=\"widget\" data-widget_type=\"image.default\">\n\t\t\t\t<div class=\"elementor-widget-container\">\n\t\t\t\t\t\t\t\t\t\t\t\t\t\t\t<img decoding=\"async\" src=\"https:\/\/comunitatjueva.com\/wp-content\/uploads\/2023\/07\/equipo.jpg\" title=\"equipo\" alt=\"equipo\" loading=\"lazy\" \/>\t\t\t\t\t\t\t\t\t\t\t\t\t\t\t<\/div>\n\t\t\t\t<\/div>\n\t\t\t\t<\/div>\n\t\t\t\t\t<\/div>\n\t\t\t\t<\/div>\n\t\t\t\t<\/div>\n\t\t","protected":false},"excerpt":{"rendered":"<p>Comptem amb un equip multidisciplinari busquem construir comunitat al costat de vost\u00e8s Direcci\u00f3 institucional direccioninstitucional@colegiohatikva.es Subdirecci\u00f3 subdireccion@cib.cat Direcci\u00f3 d&#8217;Administraci\u00f3 i Finances finanzas@cib.cat Oficina oficina@cib.cat Joventut juventud@cib.cat Tarbut &#8211; Departament de [&hellip;]<\/p>\n","protected":false},"author":1,"featured_media":0,"parent":3500,"menu_order":0,"comment_status":"closed","ping_status":"closed","template":"","meta":{"_acf_changed":false,"footnotes":""},"class_list":["post-3527","page","type-page","status-publish","hentry"],"acf":[],"_links":{"self":[{"href":"https:\/\/comunitatjueva.com\/ca\/wp-json\/wp\/v2\/pages\/3527","targetHints":{"allow":["GET"]}}],"collection":[{"href":"https:\/\/comunitatjueva.com\/ca\/wp-json\/wp\/v2\/pages"}],"about":[{"href":"https:\/\/comunitatjueva.com\/ca\/wp-json\/wp\/v2\/types\/page"}],"author":[{"embeddable":true,"href":"https:\/\/comunitatjueva.com\/ca\/wp-json\/wp\/v2\/users\/1"}],"replies":[{"embeddable":true,"href":"https:\/\/comunitatjueva.com\/ca\/wp-json\/wp\/v2\/comments?post=3527"}],"version-history":[{"count":4,"href":"https:\/\/comunitatjueva.com\/ca\/wp-json\/wp\/v2\/pages\/3527\/revisions"}],"predecessor-version":[{"id":5182,"href":"https:\/\/comunitatjueva.com\/ca\/wp-json\/wp\/v2\/pages\/3527\/revisions\/5182"}],"up":[{"embeddable":true,"href":"https:\/\/comunitatjueva.com\/ca\/wp-json\/wp\/v2\/pages\/3500"}],"wp:attachment":[{"href":"https:\/\/comunitatjueva.com\/ca\/wp-json\/wp\/v2\/media?parent=3527"}],"curies":[{"name":"wp","href":"https:\/\/api.w.org\/{rel}","templated":true}]}}