{"id":3494,"date":"2023-05-30T10:10:19","date_gmt":"2023-05-30T10:10:19","guid":{"rendered":"https:\/\/comunitatjueva.com\/collegi-hatikva\/"},"modified":"2023-09-06T15:44:46","modified_gmt":"2023-09-06T15:44:46","slug":"collegi-hatikva","status":"publish","type":"page","link":"https:\/\/comunitatjueva.com\/ca\/collegi-hatikva\/","title":{"rendered":"Col\u00b7legi Hatikva"},"content":{"rendered":"\t\t<div data-elementor-type=\"wp-page\" data-elementor-id=\"3494\" class=\"elementor elementor-3494 elementor-1473\" data-elementor-post-type=\"page\">\n\t\t\t\t<div class=\"elementor-element elementor-element-34d5f94 e-con-full e-flex e-con e-parent\" data-id=\"34d5f94\" data-element_type=\"container\">\n\t\t\t\t<div class=\"elementor-element elementor-element-65d67de elementor-widget elementor-widget-template\" data-id=\"65d67de\" data-element_type=\"widget\" data-widget_type=\"template.default\">\n\t\t\t\t<div class=\"elementor-widget-container\">\n\t\t\t\t\t\t\t<div class=\"elementor-template\">\n\t\t\t\t\t<div data-elementor-type=\"container\" data-elementor-id=\"3920\" class=\"elementor elementor-3920 elementor-1483\" data-elementor-post-type=\"elementor_library\">\n\t\t\t\t<div class=\"elementor-element elementor-element-ed4b47f e-flex e-con-boxed e-con e-parent\" data-id=\"ed4b47f\" data-element_type=\"container\" data-settings=\"{&quot;background_background&quot;:&quot;classic&quot;}\">\n\t\t\t\t\t<div class=\"e-con-inner\">\n\t\t<div class=\"elementor-element elementor-element-7c0bd818 e-con-full e-flex e-con e-parent\" data-id=\"7c0bd818\" data-element_type=\"container\" data-settings=\"{&quot;background_background&quot;:&quot;classic&quot;}\">\n\t\t\t\t<div class=\"elementor-element elementor-element-49628d8f elementor-widget elementor-widget-heading\" data-id=\"49628d8f\" data-element_type=\"widget\" data-widget_type=\"heading.default\">\n\t\t\t\t<div class=\"elementor-widget-container\">\n\t\t\t\t\t<h1 class=\"elementor-heading-title elementor-size-default\">Educaci\u00f3<\/h1>\t\t\t\t<\/div>\n\t\t\t\t<\/div>\n\t\t\t\t<div class=\"elementor-element elementor-element-653d8945 elementor-nav-menu__align-center elementor-nav-menu--dropdown-none elementor-widget elementor-widget-nav-menu\" data-id=\"653d8945\" data-element_type=\"widget\" data-settings=\"{&quot;layout&quot;:&quot;horizontal&quot;,&quot;submenu_icon&quot;:{&quot;value&quot;:&quot;&lt;i class=\\&quot;fas fa-caret-down\\&quot;&gt;&lt;\\\/i&gt;&quot;,&quot;library&quot;:&quot;fa-solid&quot;}}\" data-widget_type=\"nav-menu.default\">\n\t\t\t\t<div class=\"elementor-widget-container\">\n\t\t\t\t\t\t\t\t<nav aria-label=\"Menu\" class=\"elementor-nav-menu--main elementor-nav-menu__container elementor-nav-menu--layout-horizontal e--pointer-none\">\n\t\t\t\t<ul id=\"menu-1-653d8945\" class=\"elementor-nav-menu\"><li class=\"menu-item menu-item-type-post_type menu-item-object-page menu-item-1479\"><a href=\"https:\/\/comunitatjueva.com\/colegio-hatikva\/\" class=\"elementor-item\">Col\u00b7legi Hatikva<\/a><\/li>\n<li class=\"menu-item menu-item-type-post_type menu-item-object-page menu-item-3385\"><a href=\"https:\/\/comunitatjueva.com\/proyecto-shoa-barcelona\/\" class=\"elementor-item\">Projecte Sho\u00e1 Barcelona<\/a><\/li>\n<\/ul>\t\t\t<\/nav>\n\t\t\t\t\t\t<nav class=\"elementor-nav-menu--dropdown elementor-nav-menu__container\" aria-hidden=\"true\">\n\t\t\t\t<ul id=\"menu-2-653d8945\" class=\"elementor-nav-menu\"><li class=\"menu-item menu-item-type-post_type menu-item-object-page menu-item-1479\"><a href=\"https:\/\/comunitatjueva.com\/colegio-hatikva\/\" class=\"elementor-item\" tabindex=\"-1\">Col\u00b7legi Hatikva<\/a><\/li>\n<li class=\"menu-item menu-item-type-post_type menu-item-object-page menu-item-3385\"><a href=\"https:\/\/comunitatjueva.com\/proyecto-shoa-barcelona\/\" class=\"elementor-item\" tabindex=\"-1\">Projecte Sho\u00e1 Barcelona<\/a><\/li>\n<\/ul>\t\t\t<\/nav>\n\t\t\t\t\t\t<\/div>\n\t\t\t\t<\/div>\n\t\t\t\t<\/div>\n\t\t\t\t\t<\/div>\n\t\t\t\t<\/div>\n\t\t\t\t<\/div>\n\t\t\t\t<\/div>\n\t\t\t\t\t\t<\/div>\n\t\t\t\t<\/div>\n\t\t\t\t<\/div>\n\t\t<div class=\"elementor-element elementor-element-b463ffa e-flex e-con-boxed e-con e-parent\" data-id=\"b463ffa\" data-element_type=\"container\">\n\t\t\t\t\t<div class=\"e-con-inner\">\n\t\t<div class=\"elementor-element elementor-element-908b0d2 e-con-full e-flex e-con e-parent\" data-id=\"908b0d2\" data-element_type=\"container\">\n\t\t\t\t<div class=\"elementor-element elementor-element-c0dbb5c elementor-widget elementor-widget-heading\" data-id=\"c0dbb5c\" data-element_type=\"widget\" data-widget_type=\"heading.default\">\n\t\t\t\t<div class=\"elementor-widget-container\">\n\t\t\t\t\t<h2 class=\"elementor-heading-title elementor-size-default\">Col\u00b7legi Hatikva<\/h2>\t\t\t\t<\/div>\n\t\t\t\t<\/div>\n\t\t\t\t<div class=\"elementor-element elementor-element-202c24e elementor-icon-list--layout-traditional elementor-list-item-link-full_width elementor-widget elementor-widget-icon-list\" data-id=\"202c24e\" data-element_type=\"widget\" data-widget_type=\"icon-list.default\">\n\t\t\t\t<div class=\"elementor-widget-container\">\n\t\t\t\t\t\t\t<ul class=\"elementor-icon-list-items\">\n\t\t\t\t\t\t\t<li class=\"elementor-icon-list-item\">\n\t\t\t\t\t\t\t\t\t\t<span class=\"elementor-icon-list-text\">Educaci\u00f3 individualitzada<\/span>\n\t\t\t\t\t\t\t\t\t<\/li>\n\t\t\t\t\t\t\t\t<li class=\"elementor-icon-list-item\">\n\t\t\t\t\t\t\t\t\t\t<span class=\"elementor-icon-list-text\">Una escola jueva i multicultural<\/span>\n\t\t\t\t\t\t\t\t\t<\/li>\n\t\t\t\t\t\t\t\t<li class=\"elementor-icon-list-item\">\n\t\t\t\t\t\t\t\t\t\t<span class=\"elementor-icon-list-text\">Immersi\u00f3 multiling\u00fc\u00edstica en 4 idiomes<\/span>\n\t\t\t\t\t\t\t\t\t<\/li>\n\t\t\t\t\t\t<\/ul>\n\t\t\t\t\t\t<\/div>\n\t\t\t\t<\/div>\n\t\t\t\t<div class=\"elementor-element elementor-element-8e58a3e elementor-widget elementor-widget-button\" data-id=\"8e58a3e\" data-element_type=\"widget\" data-widget_type=\"button.default\">\n\t\t\t\t<div class=\"elementor-widget-container\">\n\t\t\t\t\t\t\t\t\t<div class=\"elementor-button-wrapper\">\n\t\t\t\t\t<a class=\"elementor-button elementor-button-link elementor-size-md\" href=\"https:\/\/colegiohatikva.com\/\" target=\"_blank\">\n\t\t\t\t\t\t<span class=\"elementor-button-content-wrapper\">\n\t\t\t\t\t\t\t\t\t<span class=\"elementor-button-text\">Anar al web<\/span>\n\t\t\t\t\t<\/span>\n\t\t\t\t\t<\/a>\n\t\t\t\t<\/div>\n\t\t\t\t\t\t\t\t<\/div>\n\t\t\t\t<\/div>\n\t\t\t\t<\/div>\n\t\t<div class=\"elementor-element elementor-element-eb43d21 e-con-full e-flex e-con e-parent\" data-id=\"eb43d21\" data-element_type=\"container\">\n\t\t\t\t<div class=\"elementor-element elementor-element-abd030c elementor-widget elementor-widget-image\" data-id=\"abd030c\" data-element_type=\"widget\" data-widget_type=\"image.default\">\n\t\t\t\t<div class=\"elementor-widget-container\">\n\t\t\t\t\t\t\t\t\t\t\t\t\t\t\t<img fetchpriority=\"high\" decoding=\"async\" width=\"800\" height=\"530\" src=\"https:\/\/comunitatjueva.com\/wp-content\/uploads\/2023\/07\/mision-1024x678.jpg\" class=\"attachment-large size-large wp-image-3370\" alt=\"\" srcset=\"https:\/\/comunitatjueva.com\/wp-content\/uploads\/2023\/07\/mision-1024x678.jpg 1024w, https:\/\/comunitatjueva.com\/wp-content\/uploads\/2023\/07\/mision-300x199.jpg 300w, https:\/\/comunitatjueva.com\/wp-content\/uploads\/2023\/07\/mision-768x509.jpg 768w, https:\/\/comunitatjueva.com\/wp-content\/uploads\/2023\/07\/mision.jpg 1400w\" sizes=\"(max-width: 800px) 100vw, 800px\" \/>\t\t\t\t\t\t\t\t\t\t\t\t\t\t\t<\/div>\n\t\t\t\t<\/div>\n\t\t\t\t<\/div>\n\t\t\t\t\t<\/div>\n\t\t\t\t<\/div>\n\t\t<div class=\"elementor-element elementor-element-6032d00 e-flex e-con-boxed e-con e-parent\" data-id=\"6032d00\" data-element_type=\"container\" data-settings=\"{&quot;background_background&quot;:&quot;classic&quot;}\">\n\t\t\t\t\t<div class=\"e-con-inner\">\n\t\t\t\t<div class=\"elementor-element elementor-element-8ec6a79 elementor-widget elementor-widget-heading\" data-id=\"8ec6a79\" data-element_type=\"widget\" data-widget_type=\"heading.default\">\n\t\t\t\t<div class=\"elementor-widget-container\">\n\t\t\t\t\t<h3 class=\"elementor-heading-title elementor-size-default\"><a href=\"mailto:%20oficina@cib.cat\">Per a m\u00e9s informaci\u00f3: oficina@cib.cat<\/a><\/h3>\t\t\t\t<\/div>\n\t\t\t\t<\/div>\n\t\t\t\t\t<\/div>\n\t\t\t\t<\/div>\n\t\t\t\t<\/div>\n\t\t","protected":false},"excerpt":{"rendered":"<p>Col\u00b7legi Hatikva Educaci\u00f3 individualitzada Una escola jueva i multicultural Immersi\u00f3 multiling\u00fc\u00edstica en 4 idiomes Anar al web Per a m\u00e9s informaci\u00f3: oficina@cib.cat<\/p>\n","protected":false},"author":1,"featured_media":0,"parent":0,"menu_order":0,"comment_status":"closed","ping_status":"closed","template":"","meta":{"_acf_changed":false,"footnotes":""},"class_list":["post-3494","page","type-page","status-publish","hentry"],"acf":[],"_links":{"self":[{"href":"https:\/\/comunitatjueva.com\/ca\/wp-json\/wp\/v2\/pages\/3494","targetHints":{"allow":["GET"]}}],"collection":[{"href":"https:\/\/comunitatjueva.com\/ca\/wp-json\/wp\/v2\/pages"}],"about":[{"href":"https:\/\/comunitatjueva.com\/ca\/wp-json\/wp\/v2\/types\/page"}],"author":[{"embeddable":true,"href":"https:\/\/comunitatjueva.com\/ca\/wp-json\/wp\/v2\/users\/1"}],"replies":[{"embeddable":true,"href":"https:\/\/comunitatjueva.com\/ca\/wp-json\/wp\/v2\/comments?post=3494"}],"version-history":[{"count":1,"href":"https:\/\/comunitatjueva.com\/ca\/wp-json\/wp\/v2\/pages\/3494\/revisions"}],"predecessor-version":[{"id":3495,"href":"https:\/\/comunitatjueva.com\/ca\/wp-json\/wp\/v2\/pages\/3494\/revisions\/3495"}],"wp:attachment":[{"href":"https:\/\/comunitatjueva.com\/ca\/wp-json\/wp\/v2\/media?parent=3494"}],"curies":[{"name":"wp","href":"https:\/\/api.w.org\/{rel}","templated":true}]}}