{"id":3490,"date":"2023-05-30T10:23:39","date_gmt":"2023-05-30T10:23:39","guid":{"rendered":"https:\/\/comunitatjueva.com\/catering\/certificacio-kosher\/"},"modified":"2023-09-06T15:43:31","modified_gmt":"2023-09-06T15:43:31","slug":"certificacio-kosher","status":"publish","type":"page","link":"https:\/\/comunitatjueva.com\/ca\/catering\/certificacio-kosher\/","title":{"rendered":"Certificaci\u00f3 Kosher"},"content":{"rendered":"\t\t<div data-elementor-type=\"wp-page\" data-elementor-id=\"3490\" class=\"elementor elementor-3490 elementor-1513\" data-elementor-post-type=\"page\">\n\t\t\t\t<div class=\"elementor-element elementor-element-34d5f94 e-con-full e-flex e-con e-parent\" data-id=\"34d5f94\" data-element_type=\"container\">\n\t\t\t\t<div class=\"elementor-element elementor-element-65d67de elementor-widget elementor-widget-template\" data-id=\"65d67de\" data-element_type=\"widget\" data-widget_type=\"template.default\">\n\t\t\t\t<div class=\"elementor-widget-container\">\n\t\t\t\t\t\t\t<div class=\"elementor-template\">\n\t\t\t\t\t<div data-elementor-type=\"container\" data-elementor-id=\"3914\" class=\"elementor elementor-3914 elementor-1507\" data-elementor-post-type=\"elementor_library\">\n\t\t\t\t<div class=\"elementor-element elementor-element-a1f5193 e-flex e-con-boxed e-con e-parent\" data-id=\"a1f5193\" data-element_type=\"container\" data-settings=\"{&quot;background_background&quot;:&quot;classic&quot;}\">\n\t\t\t\t\t<div class=\"e-con-inner\">\n\t\t<div class=\"elementor-element elementor-element-1b5a9270 e-con-full e-flex e-con e-parent\" data-id=\"1b5a9270\" data-element_type=\"container\" data-settings=\"{&quot;background_background&quot;:&quot;classic&quot;}\">\n\t\t\t\t<div class=\"elementor-element elementor-element-36c8582c elementor-widget elementor-widget-heading\" data-id=\"36c8582c\" data-element_type=\"widget\" data-widget_type=\"heading.default\">\n\t\t\t\t<div class=\"elementor-widget-container\">\n\t\t\t\t\t<h1 class=\"elementor-heading-title elementor-size-default\">Serveis<\/h1>\t\t\t\t<\/div>\n\t\t\t\t<\/div>\n\t\t\t\t<div class=\"elementor-element elementor-element-6924652f elementor-nav-menu__align-center elementor-nav-menu--dropdown-none elementor-widget elementor-widget-nav-menu\" data-id=\"6924652f\" data-element_type=\"widget\" data-settings=\"{&quot;layout&quot;:&quot;horizontal&quot;,&quot;submenu_icon&quot;:{&quot;value&quot;:&quot;&lt;i class=\\&quot;fas fa-caret-down\\&quot;&gt;&lt;\\\/i&gt;&quot;,&quot;library&quot;:&quot;fa-solid&quot;}}\" data-widget_type=\"nav-menu.default\">\n\t\t\t\t<div class=\"elementor-widget-container\">\n\t\t\t\t\t\t\t\t<nav aria-label=\"Menu\" class=\"elementor-nav-menu--main elementor-nav-menu__container elementor-nav-menu--layout-horizontal e--pointer-none\">\n\t\t\t\t<ul id=\"menu-1-6924652f\" class=\"elementor-nav-menu\"><li class=\"menu-item menu-item-type-post_type menu-item-object-page menu-item-1524\"><a href=\"https:\/\/comunitatjueva.com\/catering\/certificacion-kosher\/\" class=\"elementor-item\">Certificaci\u00f3 Kosher<\/a><\/li>\n<li class=\"menu-item menu-item-type-post_type menu-item-object-page menu-item-3474\"><a href=\"https:\/\/comunitatjueva.com\/k-project\/\" class=\"elementor-item\">K Project<\/a><\/li>\n<\/ul>\t\t\t<\/nav>\n\t\t\t\t\t\t<nav class=\"elementor-nav-menu--dropdown elementor-nav-menu__container\" aria-hidden=\"true\">\n\t\t\t\t<ul id=\"menu-2-6924652f\" class=\"elementor-nav-menu\"><li class=\"menu-item menu-item-type-post_type menu-item-object-page menu-item-1524\"><a href=\"https:\/\/comunitatjueva.com\/catering\/certificacion-kosher\/\" class=\"elementor-item\" tabindex=\"-1\">Certificaci\u00f3 Kosher<\/a><\/li>\n<li class=\"menu-item menu-item-type-post_type menu-item-object-page menu-item-3474\"><a href=\"https:\/\/comunitatjueva.com\/k-project\/\" class=\"elementor-item\" tabindex=\"-1\">K Project<\/a><\/li>\n<\/ul>\t\t\t<\/nav>\n\t\t\t\t\t\t<\/div>\n\t\t\t\t<\/div>\n\t\t\t\t<\/div>\n\t\t\t\t\t<\/div>\n\t\t\t\t<\/div>\n\t\t\t\t<\/div>\n\t\t\t\t<\/div>\n\t\t\t\t\t\t<\/div>\n\t\t\t\t<\/div>\n\t\t\t\t<\/div>\n\t\t<div class=\"elementor-element elementor-element-348f6f0 e-flex e-con-boxed e-con e-parent\" data-id=\"348f6f0\" data-element_type=\"container\">\n\t\t\t\t\t<div class=\"e-con-inner\">\n\t\t<div class=\"elementor-element elementor-element-48e179a e-con-full e-flex e-con e-parent\" data-id=\"48e179a\" data-element_type=\"container\">\n\t\t\t\t<div class=\"elementor-element elementor-element-5ad9c44 elementor-widget elementor-widget-heading\" data-id=\"5ad9c44\" data-element_type=\"widget\" data-widget_type=\"heading.default\">\n\t\t\t\t<div class=\"elementor-widget-container\">\n\t\t\t\t\t<h4 class=\"elementor-heading-title elementor-size-default\">Qu\u00e8 \u00e9s kosher?<\/h4>\t\t\t\t<\/div>\n\t\t\t\t<\/div>\n\t\t\t\t<div class=\"elementor-element elementor-element-6373935 elementor-widget elementor-widget-text-editor\" data-id=\"6373935\" data-element_type=\"widget\" data-widget_type=\"text-editor.default\">\n\t\t\t\t<div class=\"elementor-widget-container\">\n\t\t\t\t\t\t\t\t\t<p>\u00c9s l&#8217;auditoria que es realitza en la planta productora pel supervisor de la certificadora kosher per a garantir que els productes certificats compleixin amb aquestes normes.<\/p>\n\t\t\t\t\t\t\t\t<\/div>\n\t\t\t\t<\/div>\n\t\t\t\t<\/div>\n\t\t<div class=\"elementor-element elementor-element-f8f00ae e-con-full e-flex e-con e-parent\" data-id=\"f8f00ae\" data-element_type=\"container\">\n\t\t\t\t<div class=\"elementor-element elementor-element-9449bab elementor-widget elementor-widget-heading\" data-id=\"9449bab\" data-element_type=\"widget\" data-widget_type=\"heading.default\">\n\t\t\t\t<div class=\"elementor-widget-container\">\n\t\t\t\t\t<h4 class=\"elementor-heading-title elementor-size-default\">Qu\u00e8 \u00e9s la certificaci\u00f3 kosher?<\/h4>\t\t\t\t<\/div>\n\t\t\t\t<\/div>\n\t\t\t\t<div class=\"elementor-element elementor-element-d2defb7 elementor-widget elementor-widget-text-editor\" data-id=\"d2defb7\" data-element_type=\"widget\" data-widget_type=\"text-editor.default\">\n\t\t\t\t<div class=\"elementor-widget-container\">\n\t\t\t\t\t\t\t\t\t<p>\u00c9s el sistema de control de qualitat dels aliments segons les normes jueves denominades kosher.<\/p>\n\t\t\t\t\t\t\t\t<\/div>\n\t\t\t\t<\/div>\n\t\t\t\t<\/div>\n\t\t<div class=\"elementor-element elementor-element-820e613 e-con-full e-flex e-con e-parent\" data-id=\"820e613\" data-element_type=\"container\">\n\t\t\t\t<div class=\"elementor-element elementor-element-f3aaa77 elementor-widget elementor-widget-heading\" data-id=\"f3aaa77\" data-element_type=\"widget\" data-widget_type=\"heading.default\">\n\t\t\t\t<div class=\"elementor-widget-container\">\n\t\t\t\t\t<h4 class=\"elementor-heading-title elementor-size-default\">Qu\u00e8 \u00e9s la supervisi\u00f3 kosher?<\/h4>\t\t\t\t<\/div>\n\t\t\t\t<\/div>\n\t\t\t\t<div class=\"elementor-element elementor-element-c519f96 elementor-widget elementor-widget-text-editor\" data-id=\"c519f96\" data-element_type=\"widget\" data-widget_type=\"text-editor.default\">\n\t\t\t\t<div class=\"elementor-widget-container\">\n\t\t\t\t\t\t\t\t\t<p>\u00c9s l&#8217;auditoria que es realitza en la planta productora pel supervisor de la certificadora kosher per a garantir que els productes certificats compleixin amb aquestes normes.<\/p>\n\t\t\t\t\t\t\t\t<\/div>\n\t\t\t\t<\/div>\n\t\t\t\t<\/div>\n\t\t<div class=\"elementor-element elementor-element-17e2ce3 e-con-full e-flex e-con e-parent\" data-id=\"17e2ce3\" data-element_type=\"container\">\n\t\t\t\t<div class=\"elementor-element elementor-element-8d8f84e elementor-widget elementor-widget-heading\" data-id=\"8d8f84e\" data-element_type=\"widget\" data-widget_type=\"heading.default\">\n\t\t\t\t<div class=\"elementor-widget-container\">\n\t\t\t\t\t<h4 class=\"elementor-heading-title elementor-size-default\">Per qu\u00e8 conv\u00e9 tenir la certificaci\u00f3 Kosher?<\/h4>\t\t\t\t<\/div>\n\t\t\t\t<\/div>\n\t\t\t\t<div class=\"elementor-element elementor-element-c559f4b elementor-widget elementor-widget-text-editor\" data-id=\"c559f4b\" data-element_type=\"widget\" data-widget_type=\"text-editor.default\">\n\t\t\t\t<div class=\"elementor-widget-container\">\n\t\t\t\t\t\t\t\t\t<p>La certificaci\u00f3 kosher obre portes a nous mercats de consumidors tant a nivell local com internacional. Moltes empreses han comen\u00e7at a exportar els seus productes a partir d&#8217;haver certificat la seva empresa com a kosher. Els productes amb la certificaci\u00f3 Kosher es perceben com a saludables, naturals i de millor higiene i qualitat.<\/p>\n\t\t\t\t\t\t\t\t<\/div>\n\t\t\t\t<\/div>\n\t\t\t\t<\/div>\n\t\t<div class=\"elementor-element elementor-element-f903f10 e-con-full e-flex e-con e-parent\" data-id=\"f903f10\" data-element_type=\"container\">\n\t\t\t\t<div class=\"elementor-element elementor-element-cbf168a elementor-widget elementor-widget-heading\" data-id=\"cbf168a\" data-element_type=\"widget\" data-widget_type=\"heading.default\">\n\t\t\t\t<div class=\"elementor-widget-container\">\n\t\t\t\t\t<h4 class=\"elementor-heading-title elementor-size-default\">Supervisi\u00f3<\/h4>\t\t\t\t<\/div>\n\t\t\t\t<\/div>\n\t\t\t\t<div class=\"elementor-element elementor-element-66614ca elementor-widget elementor-widget-text-editor\" data-id=\"66614ca\" data-element_type=\"widget\" data-widget_type=\"text-editor.default\">\n\t\t\t\t<div class=\"elementor-widget-container\">\n\t\t\t\t\t\t\t\t\t<p>Rav. Daniel Askenazi \/ Rav. Salom\u00f3n Sabbag<br \/><a href=\"mailto:rabinato@cib.cat\">rabinato@cib.cat<\/a><br \/>Tel: 932008513<\/p>\n\t\t\t\t\t\t\t\t<\/div>\n\t\t\t\t<\/div>\n\t\t\t\t<\/div>\n\t\t\t\t\t<\/div>\n\t\t\t\t<\/div>\n\t\t<div class=\"elementor-element elementor-element-6032d00 e-flex e-con-boxed e-con e-parent\" data-id=\"6032d00\" data-element_type=\"container\" data-settings=\"{&quot;background_background&quot;:&quot;classic&quot;}\">\n\t\t\t\t\t<div class=\"e-con-inner\">\n\t\t\t\t<div class=\"elementor-element elementor-element-8ec6a79 elementor-widget elementor-widget-heading\" data-id=\"8ec6a79\" data-element_type=\"widget\" data-widget_type=\"heading.default\">\n\t\t\t\t<div class=\"elementor-widget-container\">\n\t\t\t\t\t<h3 class=\"elementor-heading-title elementor-size-default\"><a href=\"mailto:%20oficina@cib.cat\">Per a m\u00e9s informaci\u00f3: oficina@cib.cat<\/a><\/h3>\t\t\t\t<\/div>\n\t\t\t\t<\/div>\n\t\t\t\t\t<\/div>\n\t\t\t\t<\/div>\n\t\t\t\t<\/div>\n\t\t","protected":false},"excerpt":{"rendered":"<p>Qu\u00e8 \u00e9s kosher? \u00c9s l&#8217;auditoria que es realitza en la planta productora pel supervisor de la certificadora kosher per a garantir que els productes certificats compleixin amb aquestes normes. Qu\u00e8 [&hellip;]<\/p>\n","protected":false},"author":1,"featured_media":0,"parent":3488,"menu_order":0,"comment_status":"closed","ping_status":"closed","template":"","meta":{"_acf_changed":false,"footnotes":""},"class_list":["post-3490","page","type-page","status-publish","hentry"],"acf":[],"_links":{"self":[{"href":"https:\/\/comunitatjueva.com\/ca\/wp-json\/wp\/v2\/pages\/3490","targetHints":{"allow":["GET"]}}],"collection":[{"href":"https:\/\/comunitatjueva.com\/ca\/wp-json\/wp\/v2\/pages"}],"about":[{"href":"https:\/\/comunitatjueva.com\/ca\/wp-json\/wp\/v2\/types\/page"}],"author":[{"embeddable":true,"href":"https:\/\/comunitatjueva.com\/ca\/wp-json\/wp\/v2\/users\/1"}],"replies":[{"embeddable":true,"href":"https:\/\/comunitatjueva.com\/ca\/wp-json\/wp\/v2\/comments?post=3490"}],"version-history":[{"count":1,"href":"https:\/\/comunitatjueva.com\/ca\/wp-json\/wp\/v2\/pages\/3490\/revisions"}],"predecessor-version":[{"id":3491,"href":"https:\/\/comunitatjueva.com\/ca\/wp-json\/wp\/v2\/pages\/3490\/revisions\/3491"}],"up":[{"embeddable":true,"href":"https:\/\/comunitatjueva.com\/ca\/wp-json\/wp\/v2\/pages\/3488"}],"wp:attachment":[{"href":"https:\/\/comunitatjueva.com\/ca\/wp-json\/wp\/v2\/media?parent=3490"}],"curies":[{"name":"wp","href":"https:\/\/api.w.org\/{rel}","templated":true}]}}