{"id":3488,"date":"2023-05-30T10:20:57","date_gmt":"2023-05-30T10:20:57","guid":{"rendered":"https:\/\/comunitatjueva.com\/catering\/"},"modified":"2023-09-06T15:41:23","modified_gmt":"2023-09-06T15:41:23","slug":"catering","status":"publish","type":"page","link":"https:\/\/comunitatjueva.com\/ca\/catering\/","title":{"rendered":"C\u00e0tering"},"content":{"rendered":"\t\t<div data-elementor-type=\"wp-page\" data-elementor-id=\"3488\" class=\"elementor elementor-3488 elementor-1500\" data-elementor-post-type=\"page\">\n\t\t\t\t<div class=\"elementor-element elementor-element-34d5f94 e-con-full e-flex e-con e-parent\" data-id=\"34d5f94\" data-element_type=\"container\">\n\t\t\t\t<div class=\"elementor-element elementor-element-65d67de elementor-widget elementor-widget-template\" data-id=\"65d67de\" data-element_type=\"widget\" data-widget_type=\"template.default\">\n\t\t\t\t<div class=\"elementor-widget-container\">\n\t\t\t\t\t\t\t<div class=\"elementor-template\">\n\t\t\t\t\t<div data-elementor-type=\"container\" data-elementor-id=\"3914\" class=\"elementor elementor-3914 elementor-1507\" data-elementor-post-type=\"elementor_library\">\n\t\t\t\t<div class=\"elementor-element elementor-element-a1f5193 e-flex e-con-boxed e-con e-parent\" data-id=\"a1f5193\" data-element_type=\"container\" data-settings=\"{&quot;background_background&quot;:&quot;classic&quot;}\">\n\t\t\t\t\t<div class=\"e-con-inner\">\n\t\t<div class=\"elementor-element elementor-element-1b5a9270 e-con-full e-flex e-con e-parent\" data-id=\"1b5a9270\" data-element_type=\"container\" data-settings=\"{&quot;background_background&quot;:&quot;classic&quot;}\">\n\t\t\t\t<div class=\"elementor-element elementor-element-36c8582c elementor-widget elementor-widget-heading\" data-id=\"36c8582c\" data-element_type=\"widget\" data-widget_type=\"heading.default\">\n\t\t\t\t<div class=\"elementor-widget-container\">\n\t\t\t\t\t<h1 class=\"elementor-heading-title elementor-size-default\">Serveis<\/h1>\t\t\t\t<\/div>\n\t\t\t\t<\/div>\n\t\t\t\t<div class=\"elementor-element elementor-element-6924652f elementor-nav-menu__align-center elementor-nav-menu--dropdown-none elementor-widget elementor-widget-nav-menu\" data-id=\"6924652f\" data-element_type=\"widget\" data-settings=\"{&quot;layout&quot;:&quot;horizontal&quot;,&quot;submenu_icon&quot;:{&quot;value&quot;:&quot;&lt;i class=\\&quot;fas fa-caret-down\\&quot;&gt;&lt;\\\/i&gt;&quot;,&quot;library&quot;:&quot;fa-solid&quot;}}\" data-widget_type=\"nav-menu.default\">\n\t\t\t\t<div class=\"elementor-widget-container\">\n\t\t\t\t\t\t\t\t<nav aria-label=\"Menu\" class=\"elementor-nav-menu--main elementor-nav-menu__container elementor-nav-menu--layout-horizontal e--pointer-none\">\n\t\t\t\t<ul id=\"menu-1-6924652f\" class=\"elementor-nav-menu\"><li class=\"menu-item menu-item-type-post_type menu-item-object-page menu-item-1524\"><a href=\"https:\/\/comunitatjueva.com\/catering\/certificacion-kosher\/\" class=\"elementor-item\">Certificaci\u00f3 Kosher<\/a><\/li>\n<li class=\"menu-item menu-item-type-post_type menu-item-object-page menu-item-3474\"><a href=\"https:\/\/comunitatjueva.com\/k-project\/\" class=\"elementor-item\">K Project<\/a><\/li>\n<\/ul>\t\t\t<\/nav>\n\t\t\t\t\t\t<nav class=\"elementor-nav-menu--dropdown elementor-nav-menu__container\" aria-hidden=\"true\">\n\t\t\t\t<ul id=\"menu-2-6924652f\" class=\"elementor-nav-menu\"><li class=\"menu-item menu-item-type-post_type menu-item-object-page menu-item-1524\"><a href=\"https:\/\/comunitatjueva.com\/catering\/certificacion-kosher\/\" class=\"elementor-item\" tabindex=\"-1\">Certificaci\u00f3 Kosher<\/a><\/li>\n<li class=\"menu-item menu-item-type-post_type menu-item-object-page menu-item-3474\"><a href=\"https:\/\/comunitatjueva.com\/k-project\/\" class=\"elementor-item\" tabindex=\"-1\">K Project<\/a><\/li>\n<\/ul>\t\t\t<\/nav>\n\t\t\t\t\t\t<\/div>\n\t\t\t\t<\/div>\n\t\t\t\t<\/div>\n\t\t\t\t\t<\/div>\n\t\t\t\t<\/div>\n\t\t\t\t<\/div>\n\t\t\t\t<\/div>\n\t\t\t\t\t\t<\/div>\n\t\t\t\t<\/div>\n\t\t\t\t<\/div>\n\t\t<div class=\"elementor-element elementor-element-15f689b e-flex e-con-boxed e-con e-parent\" data-id=\"15f689b\" data-element_type=\"container\">\n\t\t\t\t\t<div class=\"e-con-inner\">\n\t\t\t\t<div class=\"elementor-element elementor-element-196c2cf elementor-widget elementor-widget-image\" data-id=\"196c2cf\" data-element_type=\"widget\" data-widget_type=\"image.default\">\n\t\t\t\t<div class=\"elementor-widget-container\">\n\t\t\t\t\t\t\t\t\t\t\t\t\t\t\t<img fetchpriority=\"high\" decoding=\"async\" width=\"766\" height=\"1024\" src=\"https:\/\/comunitatjueva.com\/wp-content\/uploads\/2023\/06\/IMG_20220515_115740-766x1024.jpeg\" class=\"attachment-large size-large wp-image-2726\" alt=\"\" srcset=\"https:\/\/comunitatjueva.com\/wp-content\/uploads\/2023\/06\/IMG_20220515_115740-766x1024.jpeg 766w, https:\/\/comunitatjueva.com\/wp-content\/uploads\/2023\/06\/IMG_20220515_115740-224x300.jpeg 224w, https:\/\/comunitatjueva.com\/wp-content\/uploads\/2023\/06\/IMG_20220515_115740-768x1027.jpeg 768w, https:\/\/comunitatjueva.com\/wp-content\/uploads\/2023\/06\/IMG_20220515_115740-1149x1536.jpeg 1149w, https:\/\/comunitatjueva.com\/wp-content\/uploads\/2023\/06\/IMG_20220515_115740.jpeg 1496w\" sizes=\"(max-width: 766px) 100vw, 766px\" \/>\t\t\t\t\t\t\t\t\t\t\t\t\t\t\t<\/div>\n\t\t\t\t<\/div>\n\t\t\t\t<div class=\"elementor-element elementor-element-8df61b0 elementor-widget elementor-widget-image\" data-id=\"8df61b0\" data-element_type=\"widget\" data-widget_type=\"image.default\">\n\t\t\t\t<div class=\"elementor-widget-container\">\n\t\t\t\t\t\t\t\t\t\t\t\t\t\t\t<img decoding=\"async\" width=\"766\" height=\"1024\" src=\"https:\/\/comunitatjueva.com\/wp-content\/uploads\/2023\/06\/IMG_20220515_115614-766x1024.jpeg\" class=\"attachment-large size-large wp-image-2730\" alt=\"\" srcset=\"https:\/\/comunitatjueva.com\/wp-content\/uploads\/2023\/06\/IMG_20220515_115614-766x1024.jpeg 766w, https:\/\/comunitatjueva.com\/wp-content\/uploads\/2023\/06\/IMG_20220515_115614-224x300.jpeg 224w, https:\/\/comunitatjueva.com\/wp-content\/uploads\/2023\/06\/IMG_20220515_115614-768x1027.jpeg 768w, https:\/\/comunitatjueva.com\/wp-content\/uploads\/2023\/06\/IMG_20220515_115614-1149x1536.jpeg 1149w, https:\/\/comunitatjueva.com\/wp-content\/uploads\/2023\/06\/IMG_20220515_115614.jpeg 1496w\" sizes=\"(max-width: 766px) 100vw, 766px\" \/>\t\t\t\t\t\t\t\t\t\t\t\t\t\t\t<\/div>\n\t\t\t\t<\/div>\n\t\t\t\t<div class=\"elementor-element elementor-element-82b11a2 elementor-widget elementor-widget-image\" data-id=\"82b11a2\" data-element_type=\"widget\" data-widget_type=\"image.default\">\n\t\t\t\t<div class=\"elementor-widget-container\">\n\t\t\t\t\t\t\t\t\t\t\t\t\t\t\t<img decoding=\"async\" width=\"766\" height=\"1024\" src=\"https:\/\/comunitatjueva.com\/wp-content\/uploads\/2023\/06\/IMG_20220614_172746-766x1024.jpeg\" class=\"attachment-large size-large wp-image-2734\" alt=\"\" srcset=\"https:\/\/comunitatjueva.com\/wp-content\/uploads\/2023\/06\/IMG_20220614_172746-766x1024.jpeg 766w, https:\/\/comunitatjueva.com\/wp-content\/uploads\/2023\/06\/IMG_20220614_172746-224x300.jpeg 224w, https:\/\/comunitatjueva.com\/wp-content\/uploads\/2023\/06\/IMG_20220614_172746-768x1027.jpeg 768w, https:\/\/comunitatjueva.com\/wp-content\/uploads\/2023\/06\/IMG_20220614_172746-1149x1536.jpeg 1149w, https:\/\/comunitatjueva.com\/wp-content\/uploads\/2023\/06\/IMG_20220614_172746.jpeg 1496w\" sizes=\"(max-width: 766px) 100vw, 766px\" \/>\t\t\t\t\t\t\t\t\t\t\t\t\t\t\t<\/div>\n\t\t\t\t<\/div>\n\t\t\t\t\t<\/div>\n\t\t\t\t<\/div>\n\t\t<div class=\"elementor-element elementor-element-8541706 e-flex e-con-boxed e-con e-parent\" data-id=\"8541706\" data-element_type=\"container\">\n\t\t\t\t\t<div class=\"e-con-inner\">\n\t\t\t\t<div class=\"elementor-element elementor-element-a8d38c8 elementor-align-center elementor-widget elementor-widget-button\" data-id=\"a8d38c8\" data-element_type=\"widget\" data-widget_type=\"button.default\">\n\t\t\t\t<div class=\"elementor-widget-container\">\n\t\t\t\t\t\t\t\t\t<div class=\"elementor-button-wrapper\">\n\t\t\t\t\t<a class=\"elementor-button elementor-button-link elementor-size-lg\" href=\"https:\/\/cibcat-my.sharepoint.com\/personal\/juventud_cib_cat\/_layouts\/15\/onedrive.aspx?id=%2Fpersonal%2Fjuventud%5Fcib%5Fcat%2FDocuments%2FCateringCIB%20%281%29%2Epdf&#038;parent=%2Fpersonal%2Fjuventud%5Fcib%5Fcat%2FDocuments&#038;ga=1\" target=\"_blank\">\n\t\t\t\t\t\t<span class=\"elementor-button-content-wrapper\">\n\t\t\t\t\t\t\t\t\t<span class=\"elementor-button-text\">Coneix la nostra oferta aqu\u00ed<\/span>\n\t\t\t\t\t<\/span>\n\t\t\t\t\t<\/a>\n\t\t\t\t<\/div>\n\t\t\t\t\t\t\t\t<\/div>\n\t\t\t\t<\/div>\n\t\t\t\t\t<\/div>\n\t\t\t\t<\/div>\n\t\t<div class=\"elementor-element elementor-element-6032d00 e-flex e-con-boxed e-con e-parent\" data-id=\"6032d00\" data-element_type=\"container\" data-settings=\"{&quot;background_background&quot;:&quot;classic&quot;}\">\n\t\t\t\t\t<div class=\"e-con-inner\">\n\t\t\t\t<div class=\"elementor-element elementor-element-8ec6a79 elementor-widget elementor-widget-heading\" data-id=\"8ec6a79\" data-element_type=\"widget\" data-widget_type=\"heading.default\">\n\t\t\t\t<div class=\"elementor-widget-container\">\n\t\t\t\t\t<h3 class=\"elementor-heading-title elementor-size-default\"><a href=\"mailto:%20oficina@cib.cat\">Per a m\u00e9s informaci\u00f3: oficina@cib.cat<\/a><\/h3>\t\t\t\t<\/div>\n\t\t\t\t<\/div>\n\t\t\t\t\t<\/div>\n\t\t\t\t<\/div>\n\t\t\t\t<\/div>\n\t\t","protected":false},"excerpt":{"rendered":"<p>Coneix la nostra oferta aqu\u00ed Per a m\u00e9s informaci\u00f3: oficina@cib.cat<\/p>\n","protected":false},"author":1,"featured_media":0,"parent":0,"menu_order":0,"comment_status":"closed","ping_status":"closed","template":"","meta":{"_acf_changed":false,"footnotes":""},"class_list":["post-3488","page","type-page","status-publish","hentry"],"acf":[],"_links":{"self":[{"href":"https:\/\/comunitatjueva.com\/ca\/wp-json\/wp\/v2\/pages\/3488","targetHints":{"allow":["GET"]}}],"collection":[{"href":"https:\/\/comunitatjueva.com\/ca\/wp-json\/wp\/v2\/pages"}],"about":[{"href":"https:\/\/comunitatjueva.com\/ca\/wp-json\/wp\/v2\/types\/page"}],"author":[{"embeddable":true,"href":"https:\/\/comunitatjueva.com\/ca\/wp-json\/wp\/v2\/users\/1"}],"replies":[{"embeddable":true,"href":"https:\/\/comunitatjueva.com\/ca\/wp-json\/wp\/v2\/comments?post=3488"}],"version-history":[{"count":1,"href":"https:\/\/comunitatjueva.com\/ca\/wp-json\/wp\/v2\/pages\/3488\/revisions"}],"predecessor-version":[{"id":3489,"href":"https:\/\/comunitatjueva.com\/ca\/wp-json\/wp\/v2\/pages\/3488\/revisions\/3489"}],"wp:attachment":[{"href":"https:\/\/comunitatjueva.com\/ca\/wp-json\/wp\/v2\/media?parent=3488"}],"curies":[{"name":"wp","href":"https:\/\/api.w.org\/{rel}","templated":true}]}}